{"id":45622,"date":"2023-10-08T15:07:39","date_gmt":"2023-10-08T20:07:39","guid":{"rendered":"https:\/\/oknatura.com\/envio-e-pagamento-ok-natura\/"},"modified":"2025-06-22T01:36:16","modified_gmt":"2025-06-22T06:36:16","slug":"envio-e-pagamento-ok-natura","status":"publish","type":"page","link":"https:\/\/oknatura.com\/pt-pt\/envio-e-pagamento-ok-natura\/","title":{"rendered":"Envio e Pagamento | Ok Natura"},"content":{"rendered":"\t\t<div data-elementor-type=\"wp-page\" data-elementor-id=\"45622\" class=\"elementor elementor-45622 elementor-22612\" data-elementor-post-type=\"page\">\n\t\t\t\t\t\t<section data-particle_enable=\"false\" data-particle-mobile-disabled=\"false\" class=\"porto-full-no-gap elementor-section elementor-top-section elementor-element elementor-element-c762f4e elementor-section-full_width elementor-section-height-min-height elementor-section-height-default elementor-section-items-middle\" data-id=\"c762f4e\" data-element_type=\"section\" data-e-type=\"section\" data-settings=\"{&quot;background_background&quot;:&quot;classic&quot;}\">\r\n\t\t\r\n\t\t\t\t\t\t\t<div class=\"elementor-container elementor-column-gap-no\">\r\n\t\t\t\t\t\t\t\t\t\t\t<div class=\"elementor-column elementor-col-100 elementor-top-column elementor-element elementor-element-5d6faea\" data-id=\"5d6faea\" data-element_type=\"column\" data-e-type=\"column\">\r\n\t\t\t\t\t<div class=\"elementor-widget-wrap\">\r\n\t\t\t\t\t\t\t\t\t<\/div>\r\n\t\t\t\t<\/div>\r\n\t\t\t\t\t<\/div>\r\n\t\t\t\t<\/section>\r\n\t\t\t\t<section data-particle_enable=\"false\" data-particle-mobile-disabled=\"false\" class=\"elementor-section elementor-top-section elementor-element elementor-element-189ae9c elementor-section-content-middle elementor-section-boxed elementor-section-height-default elementor-section-height-default\" data-id=\"189ae9c\" data-element_type=\"section\" data-e-type=\"section\">\r\n\t\t\r\n\t\t\t\t\t\t\t<div class=\"elementor-container elementor-column-gap-no\">\r\n\t\t\t\t\t\t\t\t\t\t\t<div class=\"elementor-column elementor-col-50 elementor-top-column elementor-element elementor-element-1e6d974\" data-id=\"1e6d974\" data-element_type=\"column\" data-e-type=\"column\">\r\n\t\t\t\t\t<div class=\"elementor-widget-wrap elementor-element-populated\">\r\n\t\t\t\t\t\t\t\t<div class=\"elementor-element elementor-element-50df2aa animated-slow elementor-invisible elementor-widget elementor-widget-heading\" data-id=\"50df2aa\" data-element_type=\"widget\" data-e-type=\"widget\" data-settings=\"{&quot;_animation&quot;:&quot;fadeInUp&quot;,&quot;_animation_delay&quot;:300}\" data-widget_type=\"heading.default\">\n\t\t\t\t\t<h1 class=\"elementor-heading-title elementor-size-default\">Envio e Pagamento | Ok Natura<\/h1>\t\t\t\t<\/div>\n\t\t\t\t<div class=\"elementor-element elementor-element-dd12e32 elementor-icon-list--layout-inline animated-slow elementor-list-item-link-full_width elementor-invisible elementor-widget elementor-widget-icon-list\" data-id=\"dd12e32\" data-element_type=\"widget\" data-e-type=\"widget\" data-settings=\"{&quot;_animation&quot;:&quot;fadeInUp&quot;,&quot;_animation_delay&quot;:300}\" data-widget_type=\"icon-list.default\">\n\t\t\t\t\t\t\t<ul class=\"elementor-icon-list-items elementor-inline-items\">\n\t\t\t\t\t\t\t<li class=\"elementor-icon-list-item elementor-inline-item\">\n\t\t\t\t\t\t\t\t\t\t\t<a href=\"https:\/\/oknatura.com\/pt-pt\/\" rel=\"nofollow\">\n\n\t\t\t\t\t\t\t\t\t\t\t<span class=\"elementor-icon-list-text\">Volta ao in\u00edcio<\/span>\n\t\t\t\t\t\t\t\t\t\t\t<\/a>\n\t\t\t\t\t\t\t\t\t<\/li>\n\t\t\t\t\t\t<\/ul>\n\t\t\t\t\t\t<\/div>\n\t\t\t\t\t<\/div>\r\n\t\t\t\t<\/div>\r\n\t\t\t\t<div class=\"elementor-column elementor-col-50 elementor-top-column elementor-element elementor-element-2f13eb4\" data-id=\"2f13eb4\" data-element_type=\"column\" data-e-type=\"column\">\r\n\t\t\t\t\t<div class=\"elementor-widget-wrap elementor-element-populated\">\r\n\t\t\t\t\t\t\t\t<div class=\"elementor-element elementor-element-09b18bf animated-slow elementor-invisible elementor-widget elementor-widget-image\" data-id=\"09b18bf\" data-element_type=\"widget\" data-e-type=\"widget\" data-settings=\"{&quot;_animation&quot;:&quot;fadeIn&quot;,&quot;_animation_delay&quot;:300}\" data-widget_type=\"image.default\">\n\t\t\t\t\t\t\t\t\t\t\t\t\t\t\t<img fetchpriority=\"high\" decoding=\"async\" width=\"860\" height=\"210\" src=\"https:\/\/oknatura.com\/wp-content\/uploads\/2023\/10\/selva.jpg\" class=\"attachment-full size-full wp-image-45874\" alt=\"collections faq Wishlist - APPI Privacy\" srcset=\"https:\/\/oknatura.com\/wp-content\/uploads\/2023\/10\/selva.jpg 860w, https:\/\/oknatura.com\/wp-content\/uploads\/2023\/10\/selva-768x188.jpg 768w, https:\/\/oknatura.com\/wp-content\/uploads\/2023\/10\/selva-640x156.jpg 640w, https:\/\/oknatura.com\/wp-content\/uploads\/2023\/10\/selva-400x98.jpg 400w, https:\/\/oknatura.com\/wp-content\/uploads\/2023\/10\/selva-600x147.jpg 600w\" sizes=\"(max-width: 860px) 100vw, 860px\" title=\"\">\t\t\t\t\t\t\t\t\t\t\t\t\t\t\t<\/div>\n\t\t\t\t\t<\/div>\r\n\t\t\t\t<\/div>\r\n\t\t\t\t\t<\/div>\r\n\t\t\t\t<\/section>\r\n\t\t<div data-particle_enable=\"false\" data-particle-mobile-disabled=\"false\" class=\"elementor-element elementor-element-c8249fb e-flex e-con-boxed e-con e-parent\" data-id=\"c8249fb\" data-element_type=\"container\" data-e-type=\"container\">\r\n\t\t\t\t\t<div class=\"e-con-inner\">\r\n\t\t\t\t<div class=\"elementor-element elementor-element-8c5fc8b elementor-widget elementor-widget-heading\" data-id=\"8c5fc8b\" data-element_type=\"widget\" data-e-type=\"widget\" data-widget_type=\"heading.default\">\n\t\t\t\t\t<h1 class=\"elementor-heading-title elementor-size-default\">Envio e pagamento<\/h1>\t\t\t\t<\/div>\n\t\t\t\t<div class=\"elementor-element elementor-element-331beae elementor-widget elementor-widget-text-editor\" data-id=\"331beae\" data-element_type=\"widget\" data-e-type=\"widget\" data-widget_type=\"text-editor.default\">\n\t\t\t\t\t\t\t\t\t<h2><strong>Envio e pagamento  <\/strong><\/h2><p>\u00c9 da total responsabilidade do cliente assegurar-se de que a alf\u00e2ndega do seu pa\u00eds n\u00e3o tem restri\u00e7\u00f5es sobre produtos vegetais e naturais.  <br><br>Oknatura.com, os seus agentes, afiliados, parceiros, empregados, fundadores e propriet\u00e1rios n\u00e3o s\u00e3o respons\u00e1veis por qualquer responsabilidade, decorrente de encomendas que tenham sido apreendidas, confiscadas, destru\u00eddas, perdidas, atrasadas ou devolvidas pela Alf\u00e2ndega e\/ou servi\u00e7os postais internacionais<\/p><p>Al\u00e9m disso, n\u00e3o podemos aceitar qualquer responsabilidade por danos, perda ou contamina\u00e7\u00e3o da embalagem e do seu conte\u00fado durante o transporte internacional ou o processo alfandeg\u00e1rio.<\/p><p>Al\u00e9m disso, n\u00e3o podemos aceitar qualquer responsabilidade por atrasos no envio devido a \u201cfor\u00e7as maiores\u201d, que est\u00e3o fora do nosso controlo, por exemplo, cat\u00e1strofes naturais, terramotos, furac\u00f5es, tuf\u00f5es, etc. Isto tamb\u00e9m inclui ac\u00e7\u00f5es industriais, como greves dos correios ou dos transportes a\u00e9reos. Greves ou qualquer quest\u00e3o pol\u00edtica importante que cause problemas nos servi\u00e7os postais.  <\/p><p> <\/p><h2><strong>Pol\u00edtica de devolu\u00e7\u00e3o<\/strong><\/h2><p>Todas as vendas s\u00e3o finais e n\u00e3o reembols\u00e1veis. Oknatura.com fornece toda a informa\u00e7\u00e3o para ser exacta da melhor forma poss\u00edvel, e todos os nossos produtos s\u00e3o da mais alta qualidade. O cliente isenta e indemniza Oknatura.com, os seus agentes, afiliados, parceiros, empregados, fundadores e propriet\u00e1rios de qualquer responsabilidade que surja se o cliente decidir mudar de ideias ap\u00f3s o pagamento ter sido feito e a encomenda ter sido enviada.  <\/p><p> <\/p><h2><strong>Reembolso de encomendas devolvidas<\/strong><\/h2><p>Oknatura.com cobrar\u00e1 ao cliente o reenvio da sua encomenda se esta, por qualquer raz\u00e3o fora do controlo de Oknatura.com, tiver sido devolvida. N\u00e3o reembolsamos encomendas devolvidas, porque os produtos s\u00e3o naturais e expiram e n\u00e3o s\u00e3o adequados para reabastecimento. Oknatura.com reserva-se o direito de oferecer reembolsos sob certas circunst\u00e2ncias atenuantes nas encomendas, mas n\u00e3o nos custos de envio.  <\/p><p> <\/p><h2><strong>Prazo de entrega<\/strong><\/h2><p>O cliente isenta e indemniza Oknatura.com, os seus agentes, afiliados, parceiros, empregados, fundadores e propriet\u00e1rios de qualquer responsabilidade derivada do atraso na rece\u00e7\u00e3o da sua encomenda.<br>Todas as encomendas saem do Peru, e Oknatura.com utiliza uma calculadora de envio que pode dar ao cliente uma aproxima\u00e7\u00e3o do tempo normal de entrega. O cliente reconhece que existe a possibilidade de que a sua encomenda seja aberta e inspeccionada por autoridades, alf\u00e2ndegas, reguladores de sa\u00fade, etc. Por conseguinte, pode atrasar a rece\u00e7\u00e3o da tua encomenda.  <br><br>Al\u00e9m disso, n\u00e3o podemos aceitar qualquer responsabilidade por atrasos no envio devido a \u201cfor\u00e7as maiores\u201d, que est\u00e3o fora do nosso controlo, por exemplo, cat\u00e1strofes naturais, terramotos, furac\u00f5es, tuf\u00f5es, etc. Isto tamb\u00e9m inclui ac\u00e7\u00f5es industriais, como greves dos correios ou dos transportes a\u00e9reos. Greves ou qualquer quest\u00e3o pol\u00edtica importante que cause problemas nos servi\u00e7os postais.  <\/p><p> <\/p><h2><strong>Acompanhamento da expedi\u00e7\u00e3o<\/strong><\/h2><p>Todas as encomendas enviadas s\u00e3o rastre\u00e1veis e requerem uma assinatura. Todas as encomendas ser\u00e3o devolvidas a Oknatura.com se a encomenda n\u00e3o puder ser entregue. <br><br>Todas as encomendas s\u00e3o enviadas de forma discreta, r\u00e1pida e segura, e com a confirma\u00e7\u00e3o da assinatura fazemos todos os poss\u00edveis para garantir que recebes a tua encomenda da forma mais segura e r\u00e1pida poss\u00edvel.<br>Assim que recebermos o pagamento da tua encomenda e esta for enviada.<br>Ap\u00f3s o envio da encomenda, receber\u00e1s um e-mail de confirma\u00e7\u00e3o com o n\u00famero de rastreio e o link do site de rastreio.<\/p><p> <\/p><h2><strong>Direitos de autor<\/strong><\/h2><p>Todo o conte\u00fado, incluindo imagens, suportes e conte\u00fados, est\u00e1 protegido por direitos de autor. A redistribui\u00e7\u00e3o, retransmiss\u00e3o, republica\u00e7\u00e3o para uso privado ou comercial \u00e9 expressamente proibida sem o consentimento dos propriet\u00e1rios de Oknatura.com. Oknatura.com reserva todos os direitos.  <\/p><p> <\/p><h2><strong>Responsabilidade limitada<\/strong><\/h2><p>O cliente isenta e indemniza Oknatura.com, seus agentes, afiliados, parceiros, funcion\u00e1rios, fundadores e propriet\u00e1rios impl\u00edcita e explicitamente de qualquer responsabilidade decorrente de danos e \/ ou les\u00f5es decorrentes de informa\u00e7\u00f5es, produtos, coment\u00e1rios, blogs ou qualquer outro meio ou transmiss\u00e3o. O que podes implicar. <\/p><p> <\/p><h2><strong>Isen\u00e7\u00e3o de responsabilidade<\/strong><\/h2><p>Todas as informa\u00e7\u00f5es, produtos e conte\u00fados fornecidos pelo Oknatura.com, seus agentes, afiliados, parceiros, funcion\u00e1rios, fundadores e propriet\u00e1rios, impl\u00edcita e explicitamente, s\u00e3o fornecidos sem garantias, avales, recomenda\u00e7\u00f5es, conselhos, tratamento, cura ou diagn\u00f3stico. Todas as vendas s\u00e3o finais e todos os produtos s\u00e3o vendidos como est\u00e3o. <\/p><p>Todas as declara\u00e7\u00f5es, artigos, postagens de blog, coment\u00e1rios e imagens que retratam bot\u00e2nicos e cada produto em Oknatura.com N\u00c3O foram avaliados, aprovados ou endossados por funcion\u00e1rios ou autoridades de alimentos e sa\u00fade, incluindo:<\/p><p><strong>Argentina:<\/strong> Ministro da Economia, Minist\u00e9rio da Agricultura, Pecu\u00e1ria, Pesca e Alimenta\u00e7\u00e3o, Servi\u00e7o Nacional de Qualidade e Seguran\u00e7a Alimentar (SENASA) Servi\u00e7o Nacional de Sa\u00fade e Qualidade Agroalimentar<\/p><p><strong>Brasil<\/strong>: Minist\u00e9rio da Sa\u00fade do Brasil, Ag\u00eancia Nacional de Vigil\u00e2ncia Sanit\u00e1ria<\/p><p><strong>Peru<\/strong>: Minist\u00e9rio da Sa\u00fade, Dire\u00e7\u00e3o-Geral de Produtos Farmac\u00eauticos, Dispositivos e Medicamentos<\/p><p><strong>Chile<\/strong>: Instituto de Sa\u00fade P\u00fablica do Chile<\/p><p><strong>Col\u00f4mbia<\/strong>: INVIMA Instituto Nacional de Vigil\u00e2ncia de Alimentos e Medicamentos<\/p><p><strong>M\u00e9xico<\/strong>: Comiss\u00e3o Federal de Prote\u00e7\u00e3o contra os Riscos Sanit\u00e1rios, Minist\u00e9rio da Sa\u00fade, Instituto Nacional de Sa\u00fade P\u00fablica, Minist\u00e9rio da Sa\u00fade, Comiss\u00e3o Federal de Prote\u00e7\u00e3o contra os Riscos Sanit\u00e1rios<\/p><p><strong>Canad\u00e1<\/strong>: Ministro da Agricultura, Agricultura e Agro-Alimentos do Canad\u00e1, Ag\u00eancia Canadiana de Inspe\u00e7\u00e3o Alimentar (CFIA), Ministro da Sa\u00fade, Sa\u00fade do Canad\u00e1, Departamento de Produtos Alimentares e de Sa\u00fade, Centro Guelph de Tecnologia Alimentar<\/p><p><strong>Estados Unidos da Am\u00e9rica<\/strong>: United States Food and Drug Administration (FDA), Center for Food Safety and Applied Nutrition (CFSAN), International Food Protection Training Institute (IFPTI), Joint Committee of Experts on Food Additives (JECFA), United States Department of Agriculture (USDA), Under Secretary for Food Safety, Food Safety and Inspection Service (FSIS)<\/p><p><strong>China<\/strong>: Administra\u00e7\u00e3o Geral de Supervis\u00e3o da Qualidade, Inspe\u00e7\u00e3o e Quarentena Administra\u00e7\u00e3o Estatal de Alimentos e Medicamentos<\/p><p><strong>Tail\u00e2ndia<\/strong>: Administra\u00e7\u00e3o de Alimentos e Medicamentos, Minist\u00e9rio da Sa\u00fade P\u00fablica<\/p><p><strong>\u00cdndia<\/strong>: Autoridade Indiana de Seguran\u00e7a Alimentar e Normas, Minist\u00e9rio da Sa\u00fade e do Bem-Estar Familiar, Organiza\u00e7\u00e3o Central de Controlo das Normas sobre Medicamentos (CDSCO)<\/p><p><strong>Filipinas<\/strong>: Administra\u00e7\u00e3o de Alimentos e Medicamentos<\/p><p><strong>Coreia do Sul<\/strong>: Minist\u00e9rio da Seguran\u00e7a Alimentar e Farmac\u00eautica (MFDS), Ministro da Sa\u00fade, do Bem-Estar e dos Assuntos Familiares, Minist\u00e9rio da Sa\u00fade, do Bem-Estar e dos Assuntos Familiares, Gabinete de Pol\u00edtica de Sa\u00fade<\/p><p><strong>Jap\u00e3o<\/strong>: Ag\u00eancia de Produtos Farmac\u00eauticos e Dispositivos M\u00e9dicos, Minist\u00e9rio da Sa\u00fade, Trabalho e Bem-Estar<\/p><p><strong>Uni\u00e3o Europeia:<\/strong> Comiss\u00e3o do Ambiente, da Sa\u00fade P\u00fablica e da Seguran\u00e7a Alimentar (UE), Autoridade Europeia para a Seguran\u00e7a dos Alimentos SAFE FOODS, Conselho para a Promo\u00e7\u00e3o da Seguran\u00e7a Alimentar<\/p><p><strong>Alemanha<\/strong>: Minist\u00e9rio Federal da Alimenta\u00e7\u00e3o, Agricultura e Defesa do Consumidor, Bundesamt f\u00fcr Verbraucherschutz und Lebensmittelsicherheit, Bundesanstalt f\u00fcr Landwirtschaft und Ern\u00e4hrung<\/p><p><strong>Su\u00ed\u00e7a<\/strong>: Departamento Federal de Sa\u00fade P\u00fablica, Swissmedic<\/p><p><strong>Pa\u00edses Baixos<\/strong>: Minist\u00e9rio da Economia, da Agricultura e da Inova\u00e7\u00e3o (ELI), Nieuwe Voedsel en Waren Autoriteit (nVWA), Rijks Kwaliteitsinstituut voor Land- en Tuinbouwproducten (RiKILT), Rijksinstituut voor Volksgezondheid en Milieu (RiVM), Stichumting Nederlandingstr<\/p><p><strong>Noruega<\/strong>: Ministro da Agricultura e da Alimenta\u00e7\u00e3o, Minist\u00e9rio da Agricultura e da Alimenta\u00e7\u00e3o noruegu\u00eas Landbruks- og matdepartementet, Autoridade Norueguesa para a Seguran\u00e7a dos Alimentos Mattilsynet<\/p><p><strong>It\u00e1lia<\/strong>: Instituto Nacional de Sa\u00fade, Ag\u00eancia Italiana de Medicamentos<\/p><p><strong>Espanha<\/strong>: Departamento de Sa\u00fade da Generalitat de Catalunya, Ag\u00eancia Catal\u00e3 de Seguran\u00e7a Alimentar, Minist\u00e9rio da Sa\u00fade, Ag\u00eancia Espanhola de Medicamentos, Minist\u00e9rio da Sa\u00fade e do Consumo,<\/p><p><strong>Portugal<\/strong>: Comiss\u00e3o de \u00c9tica para a Sa\u00fade<\/p><p><strong>R\u00fassia<\/strong>: Servi\u00e7o Federal de Controlo de Drogas da Federa\u00e7\u00e3o Russa (FSKN), Comit\u00e9 Agr\u00edcola da Duma, Minist\u00e9rio da Sa\u00fade da Federa\u00e7\u00e3o Russa<\/p><p><strong>Pol\u00f3nia<\/strong>: Instituto de Medicamentos, Minist\u00e9rio da Sa\u00fade, Gabinete de Registo de Medicamentos, Produtos de Sa\u00fade e Bioss\u00eddeos.<\/p><p><strong>Rom\u00e9nia<\/strong>: Ag\u00eancia Nacional de Medicamentos, Instituto Estatal de Controlo de Drogas<\/p><p><strong>Reino Unido<\/strong>: Department of Environment, Food and Rural Affairs, Animal Health, Pesticide Safety Directorate, UK Government Decontamination Service, Veterinary Medicines Directorate, Food Standards Agency, Advisory Committee on Microbiological Food Safety<\/p><p><strong>Fran\u00e7a<\/strong>: Agence nationale de s\u00e9curit\u00e9 sanitaire de l \u201calimentation, de l\u201d environnement et du travail, Afssaps - Ag\u00eancia Francesa para a Seguran\u00e7a dos Produtos de Sa\u00fade, Minist\u00e9rio da Sa\u00fade, Comit\u00e9 Consultivo Nacional de \u00c9tica para a Sa\u00fade e as Ci\u00eancias da Vida<\/p><p><strong>Multinacional<\/strong>: Normas alimentares da Austr\u00e1lia e da Nova Zel\u00e2ndia (FSANZ)<\/p><p><strong>Austr\u00e1lia<\/strong>: Minister of Agriculture, Fisheries and Forestry, Department of Agriculture (DAFF), Australian Quarantine and Inspection Service (AQIS), Biosecurity Australia, Government of New South Wales, Minister of Primary Industries (NSW), New Wales Food Authority do sul<\/p><p><strong>Nova Zel\u00e2ndia<\/strong>: Ministro da Seguran\u00e7a Alimentar, Autoridade de Seguran\u00e7a Alimentar da Nova Zel\u00e2ndia (NZFSA)<\/p>\t\t\t\t\t\t\t\t<\/div>\n\t\t\t\t\t<\/div>\n\t\t\t\t<\/div>\n\t\t<div data-particle_enable=\"false\" data-particle-mobile-disabled=\"false\" class=\"elementor-element elementor-element-5867522 elementor-hidden-tablet elementor-hidden-mobile e-flex e-con-boxed e-con e-parent\" data-id=\"5867522\" data-element_type=\"container\" data-e-type=\"container\">\r\n\t\t\t\t\t<div class=\"e-con-inner\">\r\n\t\t\t\t<div class=\"elementor-element elementor-element-0cf5b2b elementor-hidden-desktop elementor-hidden-tablet elementor-hidden-mobile elementor-widget elementor-widget-image\" data-id=\"0cf5b2b\" data-element_type=\"widget\" data-e-type=\"widget\" data-widget_type=\"image.default\">\n\t\t\t\t\t\t\t\t\t\t\t\t\t\t\t\t<a href=\"https:\/\/www.facebook.com\/ok.natura.pe?locale=es_LA\" rel=\"nofollow noopener\" target=\"_blank\">\n\t\t\t\t\t\t\t<img decoding=\"async\" width=\"1024\" height=\"326\" src=\"https:\/\/oknatura.com\/wp-content\/uploads\/2023\/10\/Fedex-1024x326.jpg\" class=\"attachment-large size-large wp-image-58385\" alt=\"REFUND POLICY - Shipping &amp; Payment\" srcset=\"https:\/\/oknatura.com\/wp-content\/uploads\/2023\/10\/Fedex-1024x326.jpg 1024w, https:\/\/oknatura.com\/wp-content\/uploads\/2023\/10\/Fedex-768x244.jpg 768w, https:\/\/oknatura.com\/wp-content\/uploads\/2023\/10\/Fedex-640x204.jpg 640w, https:\/\/oknatura.com\/wp-content\/uploads\/2023\/10\/Fedex-400x127.jpg 400w, https:\/\/oknatura.com\/wp-content\/uploads\/2023\/10\/Fedex-600x191.jpg 600w\" sizes=\"(max-width: 1024px) 100vw, 1024px\" title=\"\">\t\t\t\t\t\t\t\t<\/a>\n\t\t\t\t\t\t\t\t\t\t\t\t\t\t\t<\/div>\n\t\t\t\t\t<\/div>\n\t\t\t\t<\/div>\n\t\t\t\t<\/div>\n\t\t","protected":false},"excerpt":{"rendered":"<p>Envio e Pagamento | Ok Natura Volta ao in\u00edcio Envio e pagamento Envio e pagamento \u00c9 da total responsabilidade do cliente assegurar-se de que a alf\u00e2ndega do seu pa\u00eds n\u00e3o tem restri\u00e7\u00f5es sobre produtos vegetais e naturais. Oknatura.com, os seus agentes, afiliados, parceiros, empregados, fundadores e propriet\u00e1rios n\u00e3o s\u00e3o respons\u00e1veis por qualquer responsabilidade, decorrente de [&hellip;]<\/p>\n","protected":false},"author":4254,"featured_media":0,"parent":0,"menu_order":0,"comment_status":"closed","ping_status":"closed","template":"","meta":{"_joinchat":[],"footnotes":""},"class_list":["post-45622","page","type-page","status-publish","hentry"],"_links":{"self":[{"href":"https:\/\/oknatura.com\/pt-pt\/wp-json\/wp\/v2\/pages\/45622","targetHints":{"allow":["GET"]}}],"collection":[{"href":"https:\/\/oknatura.com\/pt-pt\/wp-json\/wp\/v2\/pages"}],"about":[{"href":"https:\/\/oknatura.com\/pt-pt\/wp-json\/wp\/v2\/types\/page"}],"author":[{"embeddable":true,"href":"https:\/\/oknatura.com\/pt-pt\/wp-json\/wp\/v2\/users\/4254"}],"replies":[{"embeddable":true,"href":"https:\/\/oknatura.com\/pt-pt\/wp-json\/wp\/v2\/comments?post=45622"}],"version-history":[{"count":2,"href":"https:\/\/oknatura.com\/pt-pt\/wp-json\/wp\/v2\/pages\/45622\/revisions"}],"predecessor-version":[{"id":58346,"href":"https:\/\/oknatura.com\/pt-pt\/wp-json\/wp\/v2\/pages\/45622\/revisions\/58346"}],"wp:attachment":[{"href":"https:\/\/oknatura.com\/pt-pt\/wp-json\/wp\/v2\/media?parent=45622"}],"curies":[{"name":"wp","href":"https:\/\/api.w.org\/{rel}","templated":true}]}}