{"id":46432,"date":"2020-10-15T00:31:48","date_gmt":"2020-10-15T00:31:48","guid":{"rendered":"https:\/\/oknatura.com\/products\/chacruna-paste-10gr-a-1kg-psychotria-viridis-100-puro-extrato-em-pasta\/"},"modified":"2025-10-24T11:21:58","modified_gmt":"2025-10-24T16:21:58","slug":"chacruna-pasta-psychotria-viridis-puro","status":"publish","type":"product","link":"https:\/\/oknatura.com\/pt-pt\/produtos\/chacruna-pasta-psychotria-viridis-puro\/","title":{"rendered":"PASTA DE CHACRUNA \/ 10gr a 1kg \/ - (Psychotria viridis) 100% Puro Extrato em Pasta"},"content":{"rendered":"\t\t<div data-elementor-type=\"product-post\" data-elementor-id=\"46432\" class=\"elementor elementor-46432 elementor-603\" data-elementor-post-type=\"product\">\n\t\t\t\t<div data-particle_enable=\"false\" data-particle-mobile-disabled=\"false\" class=\"elementor-element elementor-element-3487751 e-flex e-con-boxed e-con e-parent\" data-id=\"3487751\" data-element_type=\"container\" data-e-type=\"container\">\r\n\t\t\t\t\t<div class=\"e-con-inner\">\r\n\t\t\t\t<div class=\"elementor-element elementor-element-7644b21e elementor-widget elementor-widget-text-editor\" data-id=\"7644b21e\" data-element_type=\"widget\" data-e-type=\"widget\" data-widget_type=\"text-editor.default\">\n\t\t\t\t\t\t\t\t\t<h1>Pasta de Chacruna - Nutrindo a tua viagem espiritual<\/h1><p>No cora\u00e7\u00e3o m\u00edstico da floresta amaz\u00f3nica encontra-se um segredo, um presente antigo da pr\u00f3pria M\u00e3e Natureza - a pasta de Chacruna. Uma mistura not\u00e1vel derivada das folhas da venerada planta Psychotria viridis. Prepara-te para abrir a porta da tua explora\u00e7\u00e3o espiritual, que tem fascinado as tribos da Amaz\u00f3nia durante gera\u00e7\u00f5es.  <\/p><h2>Revela\u00e7\u00e3o da pasta Chacruna<\/h2><p><strong>Pasta de Chacruna: Um tesouro escondido<\/strong> A pasta de chacruna \u00e9 mais do que apenas uma subst\u00e2ncia; \u00e9 um poderoso catalisador para a ilumina\u00e7\u00e3o espiritual. \u00c9 feita com o maior cuidado, com a planta Psychotria viridis, conhecida pelo seu ingrediente principal, a N,N-dimetiltriptamina (DMT). Pensa nela como uma ponte entre mundos, ligando-te a reinos de profunda perce\u00e7\u00e3o.  <\/p><p><strong>Conhece a Psychotria Viridis<\/strong> Este arbusto vibrante e sempre verde apresenta folhas brilhantes que cintilam \u00e0 luz do sol da Amaz\u00f3nia. Mas a Psychotria viridis guarda um segredo mais profundo no interior da sua folhagem, um segredo que os xam\u00e3s e os pesquisadores reverenciam h\u00e1 s\u00e9culos. <\/p><h2>Usos maravilhosos da pasta de chacruna<\/h2><p>A pasta de chacruna tem uma variedade de aplica\u00e7\u00f5es que v\u00e3o para al\u00e9m da sua famosa associa\u00e7\u00e3o com a ayahuasca:<\/p><ul><li><strong>Auto-explora\u00e7\u00e3o:<\/strong> Se alguma vez contemplaste os mist\u00e9rios da tua pr\u00f3pria consci\u00eancia, a Pasta Chacruna \u00e9 o teu guia. Convida-te a explorar as tuas paisagens interiores, a navegar pelos teus medos e a desenterrar os padr\u00f5es ocultos que moldam a tua realidade. <\/li><li><strong>Poder de cura:<\/strong> Os curandeiros tradicionais da Amaz\u00f3nia h\u00e1 muito que reconhecem as profundas capacidades de cura da pasta de Chacruna. N\u00e3o se trata apenas de curar o corpo; trata-se de reparar o esp\u00edrito e nutrir a alma. <\/li><li><strong>Inspira\u00e7\u00e3o criativa:<\/strong> Artistas e vision\u00e1rios procuram a pasta Chacruna pela sua capacidade de estimular a sua criatividade. Actua como um portal para um reino de novas ideias e imagina\u00e7\u00e3o sem limites. <\/li><li><strong>Liga\u00e7\u00e3o espiritual:<\/strong> Para quem est\u00e1 numa viagem espiritual, a Pasta de Chacruna \u00e9 a tua companheira. Ajuda-te a conectar com estados superiores de consci\u00eancia e a experimentar revela\u00e7\u00f5es profundas. <\/li><\/ul><h2>Pr\u00f3s e contras da pasta de chacruna<\/h2><p><strong>Os Pr\u00f3s (Benef\u00edcios):<\/strong><\/p><ul><li><strong>Experi\u00eancias espirituais e introspectivas:<\/strong> A Pasta de Chacruna abre a porta a profundas viagens espirituais, guiando-te a explorar o teu interior como nunca antes.<\/li><li><strong>Potencial de cura:<\/strong> O uso tradicional sugere que pode levar a uma cura profunda e \u00e0 transforma\u00e7\u00e3o pessoal.<\/li><li><strong>Respeitada pelas tribos ind\u00edgenas:<\/strong> Esta planta sagrada \u00e9 venerada como um guia espiritual pelas tribos da Amaz\u00f3nia.<\/li><\/ul><p><strong>Os contras (Precau\u00e7\u00f5es e seguran\u00e7a):<\/strong><\/p><ul><li><strong>N\u00e3o \u00e9 para recrea\u00e7\u00e3o:<\/strong> Esta n\u00e3o \u00e9 uma subst\u00e2ncia recreativa. \u00c9 uma ferramenta psicoactiva potente e deve ser abordada com respeito e rever\u00eancia. <\/li><li><strong>Ambiente Cerimonial:<\/strong> A pasta de chacruna s\u00f3 deve ser consumida num contexto cerimonial, guiado por um xam\u00e3 ou facilitador experiente.<\/li><li><strong>Seguran\u00e7a em primeiro lugar:<\/strong> Devem ser seguidas diretrizes de seguran\u00e7a rigorosas para garantir uma viagem significativa e segura.<\/li><\/ul><h2>Abra\u00e7ando a experi\u00eancia Chacruna<\/h2><p>Mergulhar na experi\u00eancia Chacruna \u00e9 uma viagem transformadora. Aqui tens como embarcar: <\/p><ol><li><strong>Prepara o cen\u00e1rio:<\/strong> Cria um ambiente seguro e controlado para a tua experi\u00eancia Chacruna. Nunca tentes fazer esta viagem sozinho ou casualmente. Procura a orienta\u00e7\u00e3o de um xam\u00e3 ou facilitador experiente que criar\u00e1 o ambiente cerimonial adequado.  <\/li><li>Toma <strong>aten\u00e7\u00e3o \u00e0 dose:<\/strong> A dose pode variar de pessoa para pessoa. Confia no teu guia experiente para determinar a dose adequada, adaptada \u00e0s tuas necessidades espec\u00edficas. <\/li><\/ol><p><strong>Facto curioso:<\/strong> A pasta de chacruna \u00e9 muitas vezes referida como a planta \u201cprofessora\u201d nas culturas amaz\u00f3nicas, guiando os indiv\u00edduos nas suas jornadas de auto-descoberta e ilumina\u00e7\u00e3o espiritual.<\/p><h2>Outros nomes pelos quais \u00e9 conhecida a pasta de chacruna<\/h2><p>A pasta de chacruna \u00e9 reconhecida por v\u00e1rios nomes nas culturas ind\u00edgenas da Amaz\u00f3nia, como \u201cRainha\u201d e \u201cSamer\u00e1\u201d. Mas, independentemente do nome, o seu significado espiritual permanece inalterado. <\/p><h2>A tua viagem espiritual come\u00e7a<\/h2><p>Em conclus\u00e3o, a pasta Chacruna oferece-te um passaporte para um reino de explora\u00e7\u00e3o espiritual, cura e auto-descoberta. \u00c9 uma chave sagrada para desvendar os mist\u00e9rios profundos da Amaz\u00f3nia e da tua pr\u00f3pria consci\u00eancia. Se est\u00e1s pronto para embarcar nesta viagem extraordin\u00e1ria, para aprender com a sabedoria da floresta tropical e do seu povo, ent\u00e3o a Pasta Chacruna \u00e9 o teu guia.  <\/p><p><strong>Nota:<\/strong><\/p><p>Os produtos OK Natural s\u00e3o obtidos e vendidos no seu estado puro e de origem 100% natural \u00e0s comunidades aut\u00f3ctones. N\u00e3o cont\u00eam qualquer tipo de pesticida, qu\u00edmico, herbicida ou qualquer outra subst\u00e2ncia artificial. <\/p><p><strong>N\u00e3o te responsabilizes:<\/strong><\/p><ul><li>Todos os produtos s\u00e3o legais no nosso pa\u00eds de origem, sendo da responsabilidade do cliente investigar a sua legalidade no pa\u00eds de destino.<\/li><li>A utiliza\u00e7\u00e3o destes produtos naturais n\u00e3o substitui uma consulta m\u00e9dica.<\/li><li>N\u00e3o implica de forma alguma alega\u00e7\u00f5es m\u00e9dicas sobre a capacidade ou efic\u00e1cia de qualquer um dos nossos produtos para tratar, prevenir ou mitigar qualquer doen\u00e7a ou enfermidade.<\/li><li>A utiliza\u00e7\u00e3o e aplica\u00e7\u00e3o dos nossos produtos \u00e9 da exclusiva responsabilidade do cliente.<\/li><li>Os efeitos deste produto s\u00e3o apoiados pela experi\u00eancia emp\u00edrica da medicina tradicional antiga com excelentes resultados.<\/li><li>A aus\u00eancia de efeitos secund\u00e1rios nocivos se administrado na dose correta. Mas as informa\u00e7\u00f5es aqui identificadas n\u00e3o constituem, de forma alguma, uma ordena\u00e7\u00e3o ou prescri\u00e7\u00e3o. <\/li><li>As declara\u00e7\u00f5es e as liga\u00e7\u00f5es a s\u00edtios Web aqui contidas n\u00e3o foram avaliadas pela FDA ou pelas autoridades internacionais em mat\u00e9ria de alimentos e medicamentos.<\/li><\/ul><p> <\/p>\t\t\t\t\t\t\t\t<\/div>\n\t\t\t\t\t<\/div>\n\t\t\t\t<\/div>\n\t\t\t\t<\/div>\n\t\t","protected":false},"excerpt":{"rendered":"<p>PASTA DE CHACRUNA - Nutrindo a tua viagem espiritual No cora\u00e7\u00e3o m\u00edstico da floresta amaz\u00f3nica encontra-se um segredo, um presente antigo da pr\u00f3pria M\u00e3e Natureza - a pasta de Chacruna. Uma mistura not\u00e1vel derivada das folhas da venerada planta Psychotria viridis. Prepara-te para abrir a porta da tua explora\u00e7\u00e3o espiritual, que tem fascinado as tribos [&hellip;]<\/p>\n","protected":false},"featured_media":60170,"comment_status":"open","ping_status":"closed","template":"","meta":{"_joinchat":[]},"product_brand":[242],"product_cat":[6954,7061,6711],"product_tag":[7073],"giftcard-category":[],"class_list":{"0":"post-46432","1":"product","2":"type-product","3":"status-publish","4":"has-post-thumbnail","6":"product_brand-ok-natura","7":"product_cat-ayahuasca-pt-pt","8":"product_cat-pasta-de-extractos","9":"product_cat-vendas-correio-nacional","10":"product_tag-chacruna-pt-pt","11":"product_shipping_class-extrato-de-pasta","12":"pa_5f967785bba311603696517-chacruna-paste-10gr-500gr-psychotria-viridis-100-pure-extract-extracto-en-pasta-676-pngoptimizednullid21779574161560pid5940264304792original_filenameextractito_93e9a13d-c572-4adf-pt-pt","13":"pa_5fd91e34ee9a51608064564-chacruna-paste-10gr-1kg-psychotria-viridis-100-pure-extract-extracto-en-pasta-458-jpgoptimized921663c0c14b67aca6a7e264b57fca92id24549643911320pid5940264304792original_filenameex-pt-pt","14":"pa_badge-3-comentarios","15":"pa_description_tag-chacruna-a-planta-que-te-permite-ver-cores-no-escuro-gracas-a-chacruna-podes-ter-uma-experiencia-inesquecivel-na-tua-cerimonia-com-ayahuasca","16":"pa_rating-scale_min1-0scale_max5-0value4-33-pt-pt","17":"pa_rating_count-3-pt-pt","18":"pa_review_count-51-pt-pt","19":"pa_review_enabled-1-pt-pt","20":"pa_review_rating-5-pt-pt","21":"pa_seo_tags-pasta-de-chacruna-para-venda-psychotria-viridis-extrato-purochacruna-a-planta-que-te-permite-ver-cores-no-escuro-gracas-a-chacruna-podes-ter-uma-experiencia-inesquecivel-no-teu-cer","22":"pa_talla-10-kg-pt-pt","23":"pa_talla-10gr-pt-pt","24":"pa_talla-120gr-pt-pt","25":"pa_talla-1kg-pt-pt","26":"pa_talla-240gr-pt-pt","27":"pa_talla-30gr-pt-pt","28":"pa_talla-360gr-pt-pt","29":"pa_talla-480gr-pt-pt","30":"pa_talla-4kg-pt-pt","31":"pa_talla-60gr-pt-pt","32":"pa_title_tag-venda-de-pasta-de-chacruna-psychotria-viridis-extrato-puro","33":"pa_widget-jdgm-rev-widg-display-none-comentarios-de-clientes-baseado-em-3-comentarios-escreve-um-comentario-67-2-0-0-33-1-0-0-0-0-j","35":"first","36":"instock","37":"sale","38":"shipping-taxable","39":"purchasable","40":"product-type-variable"},"_links":{"self":[{"href":"https:\/\/oknatura.com\/pt-pt\/wp-json\/wp\/v2\/product\/46432","targetHints":{"allow":["GET"]}}],"collection":[{"href":"https:\/\/oknatura.com\/pt-pt\/wp-json\/wp\/v2\/product"}],"about":[{"href":"https:\/\/oknatura.com\/pt-pt\/wp-json\/wp\/v2\/types\/product"}],"replies":[{"embeddable":true,"href":"https:\/\/oknatura.com\/pt-pt\/wp-json\/wp\/v2\/comments?post=46432"}],"version-history":[{"count":3,"href":"https:\/\/oknatura.com\/pt-pt\/wp-json\/wp\/v2\/product\/46432\/revisions"}],"predecessor-version":[{"id":65058,"href":"https:\/\/oknatura.com\/pt-pt\/wp-json\/wp\/v2\/product\/46432\/revisions\/65058"}],"wp:featuredmedia":[{"embeddable":true,"href":"https:\/\/oknatura.com\/pt-pt\/wp-json\/wp\/v2\/media\/60170"}],"wp:attachment":[{"href":"https:\/\/oknatura.com\/pt-pt\/wp-json\/wp\/v2\/media?parent=46432"}],"wp:term":[{"taxonomy":"product_brand","embeddable":true,"href":"https:\/\/oknatura.com\/pt-pt\/wp-json\/wp\/v2\/product_brand?post=46432"},{"taxonomy":"product_cat","embeddable":true,"href":"https:\/\/oknatura.com\/pt-pt\/wp-json\/wp\/v2\/product_cat?post=46432"},{"taxonomy":"product_tag","embeddable":true,"href":"https:\/\/oknatura.com\/pt-pt\/wp-json\/wp\/v2\/product_tag?post=46432"},{"taxonomy":"giftcard-category","embeddable":true,"href":"https:\/\/oknatura.com\/pt-pt\/wp-json\/wp\/v2\/giftcard-category?post=46432"}],"curies":[{"name":"wp","href":"https:\/\/api.w.org\/{rel}","templated":true}]}}