{"id":49550,"date":"2021-03-15T15:08:54","date_gmt":"2021-03-15T15:08:54","guid":{"rendered":"https:\/\/oknatura.com\/products\/rape-snuff-pashaca-5gr-a-100gr-schizolobium-parahybum-casca-de-freixo-natural-e-forte\/"},"modified":"2025-10-24T09:50:51","modified_gmt":"2025-10-24T14:50:51","slug":"rape-snuff-pashaca-schizolobium-parahybum","status":"publish","type":"product","link":"https:\/\/oknatura.com\/pt-pt\/produtos\/rape-snuff-pashaca-schizolobium-parahybum\/","title":{"rendered":"RAP\u00c9 SNUFF - PASHACA \/ 5gr a 100gr \/ - (Schizolobium Parahybum) - Casca de Freixo Natural e Forte"},"content":{"rendered":"<h1>RAP\u00c9 SNUFF - PASHACA: A tua porta de entrada para a tranquilidade e o discernimento<\/h1>\n<p><strong>Qualidade not\u00e1vel:<\/strong><\/p>\n<p><strong>Uma viagem \u00e0 serenidade interior<\/strong><\/p>\n<h2>Descobrir o RAP\u00c9 SNUFF - PASHACA<\/h2>\n<p><strong>Descreve:<\/strong><\/p>\n<p>Est\u00e1s \u00e0 procura de um produto que te transporte para um reino de serenidade e discernimento? N\u00e3o procures mais do que <strong>o RAP\u00c9 SNUFF - PASHACA<\/strong>, uma mistura \u00fanica conhecida pela sua capacidade de induzir tranquilidade e oferecer profundas percep\u00e7\u00f5es interiores. Neste guia, vamos explorar as qualidades cativantes do RAP\u00c9 SNUFF - PASHACA, desde as suas aplica\u00e7\u00f5es tradicionais a utiliza\u00e7\u00f5es menos conhecidas. Aprofundaremos os in\u00fameros benef\u00edcios e potenciais considera\u00e7\u00f5es, forneceremos instru\u00e7\u00f5es de utiliza\u00e7\u00e3o, recomenda\u00e7\u00f5es de dosagem e partilharemos curiosidades intrigantes sobre este produto extraordin\u00e1rio. \u00c0 medida que vais aprendendo mais sobre o RAP\u00c9 SNUFF - PASHACA, vais sentir-te atra\u00eddo para um portal de tranquilidade e discernimento. Embarca nesta viagem e compra o RAP\u00c9 SNUFF - PASHACA na nossa loja online segura.<\/p>\n<h2>Usos tradicionais e menos conhecidos<\/h2>\n<p><strong>Usos tradicionais:<\/strong><\/p>\n<ul>\n<li><strong>Conex\u00e3o espiritual:<\/strong> O RAP\u00c9 SNUFF - PASHACA \u00e9, desde h\u00e1 muito, um instrumento sagrado para as tribos ind\u00edgenas da Amaz\u00f3nia aprofundarem a sua liga\u00e7\u00e3o espiritual durante as cerim\u00f3nias.<\/li>\n<li><strong>Limpa as emo\u00e7\u00f5es:<\/strong> \u00c9 frequentemente usada em rituais xam\u00e2nicos para limpar as emo\u00e7\u00f5es, preparar a mente e melhorar a concentra\u00e7\u00e3o.<\/li>\n<\/ul>\n<p><strong>Aplica\u00e7\u00f5es menos conhecidas:<\/strong><\/p>\n<ul>\n<li><strong>Ajuda \u00e0 medita\u00e7\u00e3o:<\/strong> Alguns indiv\u00edduos usam o RAP\u00c9 SNUFF - PASHACA como auxiliar de medita\u00e7\u00e3o, alegando que os ajuda a atingir estados mais profundos de aten\u00e7\u00e3o plena e autorreflex\u00e3o.<\/li>\n<li><strong>Redu\u00e7\u00e3o do stress:<\/strong> Em contextos contempor\u00e2neos, \u00e9 utilizado por entusiastas para reduzir o stress e relaxar.<\/li>\n<\/ul>\n<h2>Pr\u00f3s e contras de RAP\u00c9 SNUFF - PASHACA<\/h2>\n<p><strong>Os Pr\u00f3s (Benef\u00edcios):<\/strong><\/p>\n<ul>\n<li><strong>Paz interior:<\/strong> RAP\u00c9 SNUFF - PASH \u00c9 conhecido por induzir paz interior e tranquilidade, oferecendo uma ferramenta valiosa para o crescimento espiritual e emocional.<\/li>\n<li><strong>Perce\u00e7\u00e3o profunda:<\/strong> Os utilizadores referem frequentemente que obtiveram uma vis\u00e3o profunda dos seus pensamentos e emo\u00e7\u00f5es, ajudando-os a resolver problemas pessoais.<\/li>\n<li><strong>Liga\u00e7\u00e3o espiritual:<\/strong> Pode ajudar as pessoas a estabelecer ou aprofundar a sua liga\u00e7\u00e3o espiritual durante a medita\u00e7\u00e3o ou cerim\u00f3nia.<\/li>\n<li><strong>Conex\u00e3o cultural:<\/strong> Ao experimentares o RAP\u00c9 SNUFF - PASHACA, est\u00e1s a conectar-te com a rica heran\u00e7a cultural das tribos amaz\u00f3nicas.<\/li>\n<\/ul>\n<p><strong>Os contras (Avisos e seguran\u00e7a):<\/strong><\/p>\n<ul>\n<li><strong>Sensibilidade individual:<\/strong> Os efeitos podem variar entre indiv\u00edduos, e alguns podem ser mais sens\u00edveis ao produto do que outros.<\/li>\n<li><strong>Considera\u00e7\u00f5es legais:<\/strong> Tem sempre em aten\u00e7\u00e3o o estatuto legal do RAP\u00c9 SNUFF - PASHACA na tua regi\u00e3o, uma vez que os regulamentos podem variar.<\/li>\n<\/ul>\n<h2>Instru\u00e7\u00f5es e recomenda\u00e7\u00f5es<\/h2>\n<p>Para aproveitares ao m\u00e1ximo a tua experi\u00eancia RAP\u00c9 SNUFF - PASHACA, tem em conta estas orienta\u00e7\u00f5es:<\/p>\n<ol>\n<li><strong>Toma a dose:<\/strong> Come\u00e7a com uma dose m\u00ednima e aumenta-a gradualmente enquanto monitoriza de perto a resposta do teu corpo.<\/li>\n<li><strong>Ambiente Sagrado:<\/strong> Cria um ambiente pac\u00edfico e sagrado para a tua viagem, respeitando as tradi\u00e7\u00f5es associadas a este ritual sagrado.<\/li>\n<li><strong>Respeita o produto:<\/strong> Usa o RAP\u00c9 SNUFF - PASHACA com rever\u00eancia e inten\u00e7\u00e3o, abra\u00e7ando-o como uma ferramenta de crescimento pessoal.<\/li>\n<li><strong>Consciencializa\u00e7\u00e3o legal:<\/strong> Tem sempre em aten\u00e7\u00e3o os regulamentos legais relativos \u00e0 utiliza\u00e7\u00e3o destes ingredientes na tua \u00e1rea para evitar potenciais complica\u00e7\u00f5es legais.<\/li>\n<\/ol>\n<h2>Outros nomes para RAP\u00c9 SNUFF - PASHACA<\/h2>\n<p>RAP\u00c9 SNUFF - PASHACA tamb\u00e9m pode ser conhecido como:<\/p>\n<ul>\n<li><strong>Mistura Xam\u00e2nica Pashaca<\/strong><\/li>\n<li><strong>Rap\u00e9 Mente Tranquila<\/strong><\/li>\n<li><strong>Mistura que induz a serenidade<\/strong><\/li>\n<\/ul>\n<h2>Conclui: Abra\u00e7a a paz interior hoje<\/h2>\n<p>Concluindo, o RAP\u00c9 SNUFF - PASHACA oferece-te a chave para a serenidade interior, para uma vis\u00e3o profunda e para uma liga\u00e7\u00e3o espiritual. Se procuras uma sensa\u00e7\u00e3o de paz, cura emocional ou auto-descoberta, este produto oferece-te uma oportunidade \u00fanica. Agora \u00e9 o momento de embarcares na tua viagem em dire\u00e7\u00e3o \u00e0 tranquilidade e ao discernimento.<\/p>\n<blockquote><p>Os produtos OK Natural s\u00e3o obtidos e vendidos no seu estado puro e de origem 100% natural \u00e0s comunidades aut\u00f3ctones. N\u00e3o cont\u00eam qualquer tipo de pesticida, qu\u00edmico, herbicida ou qualquer outra subst\u00e2ncia artificial.<\/p>\n<p><strong>N\u00e3o te responsabilizes:<\/strong><\/p><\/blockquote>\n<ul>\n<li>\n<blockquote><p>Todos os produtos s\u00e3o legais no nosso pa\u00eds de origem, sendo da responsabilidade do cliente investigar a sua legalidade no pa\u00eds de destino.<\/p><\/blockquote>\n<\/li>\n<li>\n<blockquote><p>A utiliza\u00e7\u00e3o destes produtos naturais n\u00e3o substitui uma consulta m\u00e9dica.<\/p><\/blockquote>\n<\/li>\n<li>\n<blockquote><p>N\u00e3o implica de forma alguma alega\u00e7\u00f5es m\u00e9dicas sobre a capacidade ou efic\u00e1cia de qualquer um dos nossos produtos para tratar, prevenir ou mitigar qualquer doen\u00e7a ou enfermidade.<\/p><\/blockquote>\n<\/li>\n<li>\n<blockquote><p>A utiliza\u00e7\u00e3o e aplica\u00e7\u00e3o dos nossos produtos \u00e9 da exclusiva responsabilidade do cliente.<\/p><\/blockquote>\n<\/li>\n<li>\n<blockquote><p>Os efeitos deste produto s\u00e3o apoiados pela experi\u00eancia emp\u00edrica da medicina tradicional antiga com excelentes resultados.<\/p><\/blockquote>\n<\/li>\n<li>\n<blockquote><p>A aus\u00eancia de efeitos secund\u00e1rios nocivos se administrado na dose correta. Mas as informa\u00e7\u00f5es aqui identificadas n\u00e3o constituem, de forma alguma, uma ordena\u00e7\u00e3o ou prescri\u00e7\u00e3o.<\/p><\/blockquote>\n<\/li>\n<li>\n<blockquote><p>As declara\u00e7\u00f5es e as liga\u00e7\u00f5es a s\u00edtios Web aqui contidas n\u00e3o foram avaliadas pela FDA ou pelas autoridades internacionais em mat\u00e9ria de alimentos e medicamentos.<\/p><\/blockquote>\n<\/li>\n<\/ul>\n","protected":false},"excerpt":{"rendered":"<p>RAP\u00c9 SNUFF - PASHACA: A tua porta de entrada para a tranquilidade e o discernimento Qualidade not\u00e1vel: Uma viagem \u00e0 serenidade interior Descobrir o RAP\u00c9 SNUFF - PASHACA Descreve: Est\u00e1s \u00e0 procura de um produto que te transporte para um reino de serenidade e discernimento? N\u00e3o procures mais do que o RAP\u00c9 SNUFF - PASHACA, [&hellip;]<\/p>\n","protected":false},"featured_media":62347,"comment_status":"open","ping_status":"closed","template":"","meta":{"_joinchat":[]},"product_brand":[242],"product_cat":[6725,7384],"product_tag":[],"giftcard-category":[],"class_list":{"0":"post-49550","1":"product","2":"type-product","3":"status-publish","4":"has-post-thumbnail","6":"product_brand-ok-natura","7":"product_cat-novas-chegadas-dhl-ou-fedex","8":"product_cat-rape-pt-pt","9":"product_shipping_class-envio-geral","10":"pa_607fb5524efef1618982226-rape-snuff-pashaca-5gr-100gr-schizolobium-parahybum-natural-strong-ash-bark-809-jpgoptimized921663c0c14b67aca6a7e264b57fca92id29373725081752pid6582020931736original_filenamerape-pt-pt","11":"pa_badge-1-avaliacao","12":"pa_description_tag-aplicacao-coloca-a-extremidade-curta-do-tubo-na-boca-e-sopra-uma-vez-rapidamente-e-com-forca-suficiente-para-depositar-o-po-do-tubo-na-cavidade-nasal","13":"pa_rating-scale_min1-0scale_max5-0value5-0-pt-pt","14":"pa_rating_count-1-pt-pt","15":"pa_review_count-56-pt-pt","16":"pa_review_enabled-1-pt-pt","17":"pa_review_rating-5-pt-pt","18":"pa_title_tag-rape-snuff-pashaca-schizolobium-parahybum-casca-de-freixo-forte","19":"pa_widget-jdgm-rev-widg-display-none-comentarios-de-clientes-com-base-em-1-comentario-escreve-um-comentario-100-1-0-0-0-0-0-0-0-0-0-0-m","21":"first","22":"instock","23":"sale","24":"shipping-taxable","25":"purchasable","26":"product-type-variable"},"_links":{"self":[{"href":"https:\/\/oknatura.com\/pt-pt\/wp-json\/wp\/v2\/product\/49550","targetHints":{"allow":["GET"]}}],"collection":[{"href":"https:\/\/oknatura.com\/pt-pt\/wp-json\/wp\/v2\/product"}],"about":[{"href":"https:\/\/oknatura.com\/pt-pt\/wp-json\/wp\/v2\/types\/product"}],"replies":[{"embeddable":true,"href":"https:\/\/oknatura.com\/pt-pt\/wp-json\/wp\/v2\/comments?post=49550"}],"version-history":[{"count":1,"href":"https:\/\/oknatura.com\/pt-pt\/wp-json\/wp\/v2\/product\/49550\/revisions"}],"predecessor-version":[{"id":66108,"href":"https:\/\/oknatura.com\/pt-pt\/wp-json\/wp\/v2\/product\/49550\/revisions\/66108"}],"wp:featuredmedia":[{"embeddable":true,"href":"https:\/\/oknatura.com\/pt-pt\/wp-json\/wp\/v2\/media\/62347"}],"wp:attachment":[{"href":"https:\/\/oknatura.com\/pt-pt\/wp-json\/wp\/v2\/media?parent=49550"}],"wp:term":[{"taxonomy":"product_brand","embeddable":true,"href":"https:\/\/oknatura.com\/pt-pt\/wp-json\/wp\/v2\/product_brand?post=49550"},{"taxonomy":"product_cat","embeddable":true,"href":"https:\/\/oknatura.com\/pt-pt\/wp-json\/wp\/v2\/product_cat?post=49550"},{"taxonomy":"product_tag","embeddable":true,"href":"https:\/\/oknatura.com\/pt-pt\/wp-json\/wp\/v2\/product_tag?post=49550"},{"taxonomy":"giftcard-category","embeddable":true,"href":"https:\/\/oknatura.com\/pt-pt\/wp-json\/wp\/v2\/giftcard-category?post=49550"}],"curies":[{"name":"wp","href":"https:\/\/api.w.org\/{rel}","templated":true}]}}