{"id":50423,"date":"2021-03-04T12:11:51","date_gmt":"2021-03-04T12:11:51","guid":{"rendered":"https:\/\/oknatura.com\/products\/rape-snuff-capirona-5gr-a-100gr-calycophyllum-spruceanum-casca-de-freixo-natural-e-forte\/"},"modified":"2025-10-24T10:41:24","modified_gmt":"2025-10-24T15:41:24","slug":"rape-snuff-capirona-calycophyllum-spruceanum","status":"publish","type":"product","link":"https:\/\/oknatura.com\/pt-pt\/produtos\/rape-snuff-capirona-calycophyllum-spruceanum\/","title":{"rendered":"RAP\u00c9 SNUFF - CAPIRONA \/ 5gr a 100gr \/ - (Calycophyllum Spruceanum) - Casca de Freixo Natural e Forte"},"content":{"rendered":"<h1>RAP\u00c9 SNUFF - CAPIRONA: Redescobrindo a antiga sabedoria amaz\u00f3nica<\/h1>\n<p><strong>Qualidade not\u00e1vel:<\/strong><\/p>\n<p><strong>RAP\u00c9 SNUFF - CAPIRONA: Desvenda a sabedoria curativa de Calycophyllum Spruceanum<\/strong><\/p>\n<h2>Descobre o RAP\u00c9 SNUFF - CAPIRONA<\/h2>\n<p><strong>Descreve:<\/strong><\/p>\n<p><strong>RAP\u00c9 SNUFF - CAPIRONA<\/strong> \u00e9 um rap\u00e9 sagrado e poderoso criado a partir da casca e das folhas da \u00e1rvore Calycophyllum Spruceanum, uma antiga planta da Amaz\u00f3nia reverenciada pelas suas profundas propriedades curativas e espirituais. Este rap\u00e9 extraordin\u00e1rio oferece-te a oportunidade de te ligares a uma tradi\u00e7\u00e3o consagrada pelo tempo e embarcares numa viagem de autodescoberta e cura.<\/p>\n<h2>Usos tradicionais e menos conhecidos<\/h2>\n<p><strong>Usos tradicionais:<\/strong><\/p>\n<ul>\n<li><strong>Liga\u00e7\u00e3o espiritual:<\/strong> Nas culturas amaz\u00f3nicas, <strong>o RAP\u00c9 SNUFF - CAPIRONA<\/strong> \u00e9 uma parte fundamental das cerim\u00f3nias xam\u00e2nicas. Acredita-se que limpa a mente, o corpo e o esp\u00edrito, e facilita uma liga\u00e7\u00e3o mais profunda com o reino espiritual.<\/li>\n<\/ul>\n<p><strong>Aplica\u00e7\u00f5es menos conhecidas:<\/strong><\/p>\n<ul>\n<li><strong>Clareza mental:<\/strong> Os utilizadores relataram ter sentido uma maior clareza mental e uma melhor concentra\u00e7\u00e3o depois de usarem este rap\u00e9. \u00c9 uma ferramenta poderosa para quem procura melhorar as suas fun\u00e7\u00f5es cognitivas.<\/li>\n<li><strong>Ajuda a respirar:<\/strong> Devido aos seus ingredientes naturais, <strong>o RAP\u00c9 SNUFF - CAPIRONA<\/strong> pode oferecer um apoio respirat\u00f3rio ligeiro, o que o torna apelativo para indiv\u00edduos que procuram um rem\u00e9dio respirat\u00f3rio hol\u00edstico.<\/li>\n<\/ul>\n<h2>Pr\u00f3s e contras de RAP\u00c9 SNUFF - CAPIRONA<\/h2>\n<p><strong>Os Pr\u00f3s (Benef\u00edcios):<\/strong><\/p>\n<ul>\n<li><strong>Transforma\u00e7\u00e3o espiritual:<\/strong> <strong>O RAP\u00c9 SNUFF - CAPIRONA<\/strong> \u00e9 conhecido pela sua capacidade de facilitar experi\u00eancias espirituais profundas. Pode ser um catalisador para a auto-descoberta e o crescimento pessoal.<\/li>\n<li><strong>Clareza mental:<\/strong> Muitos utilizadores sentem uma clareza mental elevada e uma concentra\u00e7\u00e3o melhorada, o que o torna uma ferramenta valiosa para a medita\u00e7\u00e3o e a introspe\u00e7\u00e3o.<\/li>\n<li><strong>Puro e natural:<\/strong> Este rap\u00e9 \u00e9 feito a partir das folhas e da casca da \u00e1rvore Calycophyllum Spruceanum, famosa pela sua pureza e autenticidade.<\/li>\n<\/ul>\n<p><strong>Os contras (Avisos e seguran\u00e7a):<\/strong><\/p>\n<ul>\n<li><strong>Precau\u00e7\u00f5es de dosagem:<\/strong> Devido \u00e0 sua pot\u00eancia, os utilizadores devem ser cautelosos com a dosagem. Os principiantes devem come\u00e7ar com uma pequena quantidade e aumentar gradualmente.<\/li>\n<li><strong>N\u00e3o \u00e9 para todos:<\/strong> <strong>O RAP\u00c9 SNUFF - CAPIRONA<\/strong> \u00e9 uma ferramenta xam\u00e2nica poderosa, e pode n\u00e3o ser adequada para todos os indiv\u00edduos. Aqueles com condi\u00e7\u00f5es m\u00e9dicas espec\u00edficas ou sensibilidades devem abord\u00e1-la com cuidado.<\/li>\n<\/ul>\n<h2>Instru\u00e7\u00f5es e recomenda\u00e7\u00f5es<\/h2>\n<p>Para uma experi\u00eancia \u00f3ptima com o <strong>RAP\u00c9 SNUFF - CAPIRONA<\/strong>, tem em considera\u00e7\u00e3o as seguintes instru\u00e7\u00f5es e recomenda\u00e7\u00f5es:<\/p>\n<ol>\n<li><strong>Controlo da dosagem:<\/strong> Come\u00e7a com uma pequena pitada e monitoriza cuidadosamente os seus efeitos. Aumenta a dose apenas quando necess\u00e1rio e assegura-te de que permaneces confort\u00e1vel durante toda a experi\u00eancia.<\/li>\n<li><strong>Aplica\u00e7\u00e3o correta:<\/strong> Uma t\u00e9cnica de aplica\u00e7\u00e3o correta \u00e9 essencial para uma experi\u00eancia segura e eficaz. Utiliza um auto-aplicador ou pede a um assistente experiente para aplicar o rap\u00e9.<\/li>\n<li><strong>Prepara-te e tem uma inten\u00e7\u00e3o:<\/strong> Escolhe um ambiente tranquilo e sem distrac\u00e7\u00f5es para a tua viagem. A defini\u00e7\u00e3o de inten\u00e7\u00f5es e a medita\u00e7\u00e3o podem melhorar a experi\u00eancia.<\/li>\n<li><strong>Hidrata\u00e7\u00e3o:<\/strong> Assegura-te de que est\u00e1s bem hidratado, bebendo \u00e1gua antes e depois de usares <strong>o RAP\u00c9 SNUFF - CAPIRONA<\/strong>. Uma hidrata\u00e7\u00e3o adequada pode aumentar o teu conforto durante a viagem.<\/li>\n<li><strong>Respeito e rever\u00eancia:<\/strong> Aproxima-te deste rap\u00e9 com respeito e uma inten\u00e7\u00e3o clara. Deves consider\u00e1-lo como uma ferramenta sagrada para a explora\u00e7\u00e3o espiritual.<\/li>\n<\/ol>\n<h2>Outros nomes para RAP\u00c9 SNUFF - CAPIRONA<\/h2>\n<p>O <strong>rap\u00e9<\/strong><strong>RAP\u00c9 - CAPIRONA<\/strong> \u00e9 tamb\u00e9m conhecido como <strong>rap\u00e9<\/strong> <strong>Calycophyllum Spruceanum<\/strong>, <strong>rap\u00e9 da Amaz\u00f3nia<\/strong> e <strong>rap\u00e9<\/strong> <strong>xam\u00e2nico<\/strong>.<\/p>\n<h2>Conclui: Come\u00e7a a tua viagem de auto-descoberta<\/h2>\n<p>Em conclus\u00e3o, <strong>o RAP\u00c9 SNUFF - CAPIRONA<\/strong> convida-te a embarcar numa viagem not\u00e1vel de auto-descoberta e explora\u00e7\u00e3o espiritual. Com ra\u00edzes profundas na tradi\u00e7\u00e3o amaz\u00f3nica, este rap\u00e9 permite-te conectar com o teu eu interior e experimentar os benef\u00edcios profundos desta antiga pr\u00e1tica de cura. Se procuras crescimento espiritual e clareza mental, considera abra\u00e7ar este rap\u00e9 sagrado como parte da tua viagem.<\/p>\n<blockquote><p><strong>Nota:<\/strong><\/p>\n<p>Os produtos OK Natural s\u00e3o obtidos e vendidos no seu estado puro e de origem 100% natural \u00e0s comunidades aut\u00f3ctones. N\u00e3o cont\u00eam qualquer tipo de pesticida, qu\u00edmico, herbicida ou qualquer outra subst\u00e2ncia artificial.<\/p>\n<p><strong>N\u00e3o te responsabilizes:<\/strong><\/p><\/blockquote>\n<ul>\n<li>\n<blockquote><p>Todos os produtos s\u00e3o legais no nosso pa\u00eds de origem, sendo da responsabilidade do cliente investigar a sua legalidade no pa\u00eds de destino.<\/p><\/blockquote>\n<\/li>\n<li>\n<blockquote><p>A utiliza\u00e7\u00e3o destes produtos naturais n\u00e3o substitui uma consulta m\u00e9dica.<\/p><\/blockquote>\n<\/li>\n<li>\n<blockquote><p>N\u00e3o implica de forma alguma alega\u00e7\u00f5es m\u00e9dicas sobre a capacidade ou efic\u00e1cia de qualquer um dos nossos produtos para tratar, prevenir ou mitigar qualquer doen\u00e7a ou enfermidade.<\/p><\/blockquote>\n<\/li>\n<li>\n<blockquote><p>A utiliza\u00e7\u00e3o e aplica\u00e7\u00e3o dos nossos produtos \u00e9 da exclusiva responsabilidade do cliente.<\/p><\/blockquote>\n<\/li>\n<li>\n<blockquote><p>Os efeitos deste produto s\u00e3o apoiados pela experi\u00eancia emp\u00edrica da medicina tradicional antiga com excelentes resultados.<\/p><\/blockquote>\n<\/li>\n<li>\n<blockquote><p>A aus\u00eancia de efeitos secund\u00e1rios nocivos se administrado na dose correta. Mas as informa\u00e7\u00f5es aqui identificadas n\u00e3o constituem, de forma alguma, uma ordena\u00e7\u00e3o ou prescri\u00e7\u00e3o.<\/p><\/blockquote>\n<\/li>\n<li>\n<blockquote><p>As declara\u00e7\u00f5es e as liga\u00e7\u00f5es a s\u00edtios Web aqui contidas n\u00e3o foram avaliadas pela FDA ou pelas autoridades internacionais em mat\u00e9ria de alimentos e medicamentos.<\/p><\/blockquote>\n<\/li>\n<\/ul>\n","protected":false},"excerpt":{"rendered":"<p>RAP\u00c9 SNUFF - CAPIRONA: Redescobrindo a antiga sabedoria amaz\u00f3nica Qualidade not\u00e1vel: RAP\u00c9 SNUFF - CAPIRONA: Desvenda a sabedoria curativa de Calycophyllum Spruceanum Descobre o RAP\u00c9 SNUFF - CAPIRONA Descreve: RAP\u00c9 SNUFF - CAPIRONA \u00e9 um rap\u00e9 sagrado e poderoso criado a partir da casca e das folhas da \u00e1rvore Calycophyllum Spruceanum, uma antiga planta da [&hellip;]<\/p>\n","protected":false},"featured_media":61259,"comment_status":"open","ping_status":"closed","template":"","meta":{"_joinchat":[]},"product_brand":[242],"product_cat":[6725,7384],"product_tag":[],"giftcard-category":[],"class_list":{"0":"post-50423","1":"product","2":"type-product","3":"status-publish","4":"has-post-thumbnail","6":"product_brand-ok-natura","7":"product_cat-novas-chegadas-dhl-ou-fedex","8":"product_cat-rape-pt-pt","9":"product_shipping_class-envio-geral","10":"pa_6080ffd0e65d91619066832-rape-snuff-capirona-5gr-100gr-calycophyllum-spruceanum-natural-strong-ash-bark-859-jpgoptimized921663c0c14b67aca6a7e264b57fca92id29410506014872pid6556103082136original_filenamer-pt-pt","11":"pa_badge-2-comentarios","12":"pa_description_tag-composicao-tabaco-casca-de-capirona-utilizacoes-cria-uma-ligacao-e-um-equilibrio-utilizacoes-medicinais-limpa-e-expande-os-pensamentos-negativos-ajuda-a-esquecer-os-traumas","13":"pa_rating-scale_min1-0scale_max5-0value5-0-pt-pt","14":"pa_rating_count-2-pt-pt","15":"pa_review_count-47-pt-pt","16":"pa_review_enabled-1-pt-pt","17":"pa_review_rating-5-pt-pt","18":"pa_title_tag-rape-snuff-capirona-calycophyllum-spruceanum-casca-de-cinza","19":"pa_widget-jdgm-rev-widg-display-none-comentarios-de-clientes-com-base-em-2-comentarios-escreve-um-comentario-100-2-0-0-0-0-0-0-0-0-n","21":"first","22":"instock","23":"sale","24":"shipping-taxable","25":"purchasable","26":"product-type-variable"},"_links":{"self":[{"href":"https:\/\/oknatura.com\/pt-pt\/wp-json\/wp\/v2\/product\/50423","targetHints":{"allow":["GET"]}}],"collection":[{"href":"https:\/\/oknatura.com\/pt-pt\/wp-json\/wp\/v2\/product"}],"about":[{"href":"https:\/\/oknatura.com\/pt-pt\/wp-json\/wp\/v2\/types\/product"}],"replies":[{"embeddable":true,"href":"https:\/\/oknatura.com\/pt-pt\/wp-json\/wp\/v2\/comments?post=50423"}],"version-history":[{"count":1,"href":"https:\/\/oknatura.com\/pt-pt\/wp-json\/wp\/v2\/product\/50423\/revisions"}],"predecessor-version":[{"id":66443,"href":"https:\/\/oknatura.com\/pt-pt\/wp-json\/wp\/v2\/product\/50423\/revisions\/66443"}],"wp:featuredmedia":[{"embeddable":true,"href":"https:\/\/oknatura.com\/pt-pt\/wp-json\/wp\/v2\/media\/61259"}],"wp:attachment":[{"href":"https:\/\/oknatura.com\/pt-pt\/wp-json\/wp\/v2\/media?parent=50423"}],"wp:term":[{"taxonomy":"product_brand","embeddable":true,"href":"https:\/\/oknatura.com\/pt-pt\/wp-json\/wp\/v2\/product_brand?post=50423"},{"taxonomy":"product_cat","embeddable":true,"href":"https:\/\/oknatura.com\/pt-pt\/wp-json\/wp\/v2\/product_cat?post=50423"},{"taxonomy":"product_tag","embeddable":true,"href":"https:\/\/oknatura.com\/pt-pt\/wp-json\/wp\/v2\/product_tag?post=50423"},{"taxonomy":"giftcard-category","embeddable":true,"href":"https:\/\/oknatura.com\/pt-pt\/wp-json\/wp\/v2\/giftcard-category?post=50423"}],"curies":[{"name":"wp","href":"https:\/\/api.w.org\/{rel}","templated":true}]}}