{"id":51618,"date":"2021-03-04T17:31:12","date_gmt":"2021-03-04T17:31:12","guid":{"rendered":"https:\/\/oknatura.com\/products\/rape-snuff-yopo-5gr-a-100gr-anadenanthera-peregrina-100-natural\/"},"modified":"2025-10-24T10:36:54","modified_gmt":"2025-10-24T15:36:54","slug":"rape-yopo-anadenanthera-peregrina","status":"publish","type":"product","link":"https:\/\/oknatura.com\/pt-pt\/produtos\/rape-yopo-anadenanthera-peregrina\/","title":{"rendered":"RAP\u00c9 YOPO \/ 5gr a 100gr \/ -(Anadenanthera Peregrina) - 100 % Natural"},"content":{"rendered":"<h1>VIOLAR O RAP\u00c9 YOPO: Uma porta de entrada para a sabedoria antiga<\/h1>\n<p><strong>Qualidade not\u00e1vel:<\/strong><\/p>\n<p><strong>VIOLAR O RAP\u00c9 YOPO: Desbloqueia a vis\u00e3o espiritual com Anadenanthera Peregrina<\/strong><\/p>\n<h2>Descobrir o VIOLAR O RAP\u00c9 YOPO<\/h2>\n<p><strong>Descreve:<\/strong><\/p>\n<p>Bem-vinda ao mundo do VIOLAR O RAP\u00c9 YOPO, um produto sagrado que tem sido uma porta de entrada para a sabedoria antiga e para os conhecimentos espirituais durante s\u00e9culos. Neste guia completo, vamos mergulhar na hist\u00f3ria rica, nos usos tradicionais e menos conhecidos, nos benef\u00edcios, nas considera\u00e7\u00f5es de seguran\u00e7a e nas recomenda\u00e7\u00f5es de especialistas para usares o RAPE SNUFF YOPO. No final desta viagem, vais sentir-te inspirado a experimentar os efeitos profundos deste produto por ti pr\u00f3prio. N\u00e3o percas a oportunidade de comprar o RAPE SNUFF YOPO na nossa loja online e embarca num caminho de autodescoberta e esclarecimento.<\/p>\n<h2>Usos tradicionais e menos conhecidos<\/h2>\n<p><strong>Usos tradicionais:<\/strong><\/p>\n<ul>\n<li><strong>Despertar espiritual:<\/strong> RAPE SNUFF YOPO tem desempenhado um papel central nos rituais ind\u00edgenas, ligando os indiv\u00edduos ao seu eu espiritual e ao cosmos. Tem sido usado durante s\u00e9culos para facilitar o despertar espiritual profundo.<\/li>\n<li><strong>Pr\u00e1ticas xam\u00e2nicas:<\/strong> Nas cerim\u00f3nias xam\u00e2nicas, o Yopo \u00e9 usado para limpar a mente, induzir estados alterados de consci\u00eancia e ligar-se ao mundo espiritual.<\/li>\n<\/ul>\n<p><strong>Aplica\u00e7\u00f5es menos conhecidas:<\/strong><\/p>\n<ul>\n<li><strong>Clareza mental:<\/strong> Alguns utilizadores relatam uma maior clareza mental, maior concentra\u00e7\u00e3o e uma sensa\u00e7\u00e3o geral de paz interior depois de usarem o VIOLAR O RAP\u00c9 YOPO.<\/li>\n<li><strong>Equil\u00edbrio emocional:<\/strong> O VIOLAR O RAP\u00c9 YOPO pode oferecer-te o benef\u00edcio inesperado do equil\u00edbrio emocional, reduzindo a ansiedade e provocando uma sensa\u00e7\u00e3o de harmonia emocional.<\/li>\n<\/ul>\n<h2>Pr\u00f3s e contras de VIOLAR O RAP\u00c9 YOPO<\/h2>\n<p><strong>Os Pr\u00f3s (Benef\u00edcios):<\/strong><\/p>\n<ul>\n<li><strong>Despertar espiritual:<\/strong> Muitos indiv\u00edduos experimentam profundas percep\u00e7\u00f5es espirituais, maior auto-consci\u00eancia e uma liga\u00e7\u00e3o mais profunda com o universo.<\/li>\n<li><strong>Clareza mental e emocional:<\/strong> \u00c9 conhecido por melhorar a clareza mental e o equil\u00edbrio emocional.<\/li>\n<li><strong>Limpeza e purifica\u00e7\u00e3o:<\/strong> Os utilizadores relatam frequentemente que se sentem f\u00edsica e espiritualmente purificados ap\u00f3s a utiliza\u00e7\u00e3o.<\/li>\n<\/ul>\n<p><strong>Os contras (Avisos e seguran\u00e7a):<\/strong><\/p>\n<ul>\n<li><strong>Utiliza\u00e7\u00e3o respeitosa:<\/strong> Aborda o VIOLAR O RAP\u00c9 YOPO com respeito e inten\u00e7\u00e3o, reconhecendo o seu papel sagrado na vida de quem o usa.<\/li>\n<li><strong>Sensibilidade individual:<\/strong> Os efeitos podem variar significativamente de pessoa para pessoa, sendo que alguns indiv\u00edduos s\u00e3o mais sens\u00edveis ao seu impacto.<\/li>\n<\/ul>\n<h2>Instru\u00e7\u00f5es e recomenda\u00e7\u00f5es<\/h2>\n<p>Para aproveitares plenamente o potencial do RAPE SNUFF YOPO, segue estas recomenda\u00e7\u00f5es:<\/p>\n<ol>\n<li>Come\u00e7a <strong>devagar:<\/strong> Come\u00e7a a tua viagem com pequenas doses e aumenta gradualmente para evitar experi\u00eancias avassaladoras.<\/li>\n<li><strong>Prepara o teu espa\u00e7o:<\/strong> Cria um ambiente sereno e sagrado que se alinhe com as tradi\u00e7\u00f5es da sua utiliza\u00e7\u00e3o.<\/li>\n<li><strong>Define as tuas inten\u00e7\u00f5es:<\/strong> Aproxima-te da tua experi\u00eancia com uma inten\u00e7\u00e3o clara, reconhecendo o potencial de perce\u00e7\u00e3o espiritual e harmonia emocional.<\/li>\n<li><strong>Considera\u00e7\u00f5es legais:<\/strong> Tem sempre em aten\u00e7\u00e3o o estatuto legal deste produto na tua regi\u00e3o para evitar potenciais complica\u00e7\u00f5es legais.<\/li>\n<\/ol>\n<h2>Outros nomes para VIOLAR O RAP\u00c9 YOPO<\/h2>\n<p>O RAPE SNUFF YOPO pode ser reconhecido por v\u00e1rios nomes, incluindo:<\/p>\n<ul>\n<li><strong>Yopo Snuff<\/strong><\/li>\n<li><strong>Anadenanthera Peregrina Rap\u00e9<\/strong><\/li>\n<li><strong>Mistura de Ilumina\u00e7\u00e3o Xam\u00e2nica<\/strong><\/li>\n<\/ul>\n<h2>Conclui: Come\u00e7a a tua viagem com o VIOLAR O RAP\u00c9 YOPO<\/h2>\n<p>Em conclus\u00e3o, o VIOLAR O RAP\u00c9 YOPO oferece uma oportunidade \u00fanica de mergulhares nas tradi\u00e7\u00f5es de rituais antigos, ao mesmo tempo que ganhas clareza mental e equil\u00edbrio emocional. N\u00e3o percas a oportunidade de come\u00e7ar a tua viagem de autodescoberta e ilumina\u00e7\u00e3o.<\/p>\n<blockquote><p><strong>Nota:<\/strong><\/p>\n<p>Os produtos OK Natural s\u00e3o obtidos e vendidos no seu estado puro e de origem 100% natural \u00e0s comunidades aut\u00f3ctones. N\u00e3o cont\u00eam qualquer tipo de pesticida, qu\u00edmico, herbicida ou qualquer outra subst\u00e2ncia artificial.<\/p>\n<p><strong>N\u00e3o te responsabilizes:<\/strong><\/p><\/blockquote>\n<ul>\n<li>\n<blockquote><p>Todos os produtos s\u00e3o legais no nosso pa\u00eds de origem, sendo da responsabilidade do cliente investigar a sua legalidade no pa\u00eds de destino.<\/p><\/blockquote>\n<\/li>\n<li>\n<blockquote><p>A utiliza\u00e7\u00e3o destes produtos naturais n\u00e3o substitui uma consulta m\u00e9dica.<\/p><\/blockquote>\n<\/li>\n<li>\n<blockquote><p>N\u00e3o implica de forma alguma alega\u00e7\u00f5es m\u00e9dicas sobre a capacidade ou efic\u00e1cia de qualquer um dos nossos produtos para tratar, prevenir ou mitigar qualquer doen\u00e7a ou enfermidade.<\/p><\/blockquote>\n<\/li>\n<li>\n<blockquote><p>A utiliza\u00e7\u00e3o e aplica\u00e7\u00e3o dos nossos produtos \u00e9 da exclusiva responsabilidade do cliente.<\/p><\/blockquote>\n<\/li>\n<li>\n<blockquote><p>Os efeitos deste produto s\u00e3o apoiados pela experi\u00eancia emp\u00edrica da medicina tradicional antiga com excelentes resultados.<\/p><\/blockquote>\n<\/li>\n<li>\n<blockquote><p>A aus\u00eancia de efeitos secund\u00e1rios nocivos se administrado na dose correta. Mas as informa\u00e7\u00f5es aqui identificadas n\u00e3o constituem, de forma alguma, uma ordena\u00e7\u00e3o ou prescri\u00e7\u00e3o.<\/p><\/blockquote>\n<\/li>\n<li>\n<blockquote><p>As declara\u00e7\u00f5es e as liga\u00e7\u00f5es a s\u00edtios Web aqui contidas n\u00e3o foram avaliadas pela FDA ou pelas autoridades internacionais em mat\u00e9ria de alimentos e medicamentos.<\/p><\/blockquote>\n<\/li>\n<\/ul>\n","protected":false},"excerpt":{"rendered":"<p>VIOLAR O RAP\u00c9 YOPO: Uma porta de entrada para a sabedoria antiga Qualidade not\u00e1vel: VIOLAR O RAP\u00c9 YOPO: Desbloqueia a vis\u00e3o espiritual com Anadenanthera Peregrina Descobrir o VIOLAR O RAP\u00c9 YOPO Descreve: Bem-vinda ao mundo do VIOLAR O RAP\u00c9 YOPO, um produto sagrado que tem sido uma porta de entrada para a sabedoria antiga e [&hellip;]<\/p>\n","protected":false},"featured_media":61363,"comment_status":"open","ping_status":"closed","template":"","meta":{"_joinchat":[]},"product_brand":[242],"product_cat":[6725,7384],"product_tag":[],"giftcard-category":[],"class_list":{"0":"post-51618","1":"product","2":"type-product","3":"status-publish","4":"has-post-thumbnail","6":"product_brand-ok-natura","7":"product_cat-novas-chegadas-dhl-ou-fedex","8":"product_cat-rape-pt-pt","9":"product_shipping_class-envio-geral","10":"pa_607fbe3cedc9a1618984508-rape-snuff-yopo-5gr-100gr-anadenanthera-peregrina-100-natural-943-jpgoptimized921663c0c14b67aca6a7e264b57fca92id29374549688472pid6556820504728original_filenamerape0_efea6405-ceb-pt-pt","11":"pa_badge-2-comentarios","12":"pa_description_tag-composicao-tabaco-cinza-da-casca-de-yopo-intensidade-muito-forte-utilizacoes-ligacao-espiritual-usos-medicinais-induz-a-consciencia-liberta-os-bons-espiritos","13":"pa_rating-scale_min1-0scale_max5-0value5-0-pt-pt","14":"pa_rating_count-2-pt-pt","15":"pa_review_count-75-pt-pt","16":"pa_review_enabled-1-pt-pt","17":"pa_review_rating-5-pt-pt","18":"pa_talla-100gr-pt-pt","19":"pa_talla-10gr-pt-pt","20":"pa_talla-1kg-pt-pt","21":"pa_talla-20gr-pt-pt","22":"pa_talla-30gr-pt-pt","23":"pa_talla-4kg-pt-pt","24":"pa_talla-50gr-pt-pt","25":"pa_talla-5gr-pt-pt","26":"pa_title_tag-rape-snuff-yopo-para-venda-anadenanthera-peregrina-cinza","27":"pa_widget-jdgm-rev-widg-display-none-comentarios-de-clientes-com-base-em-2-comentarios-escreve-um-comentario-100-2-0-0-0-0-0-0-0-0-r","29":"first","30":"instock","31":"sale","32":"shipping-taxable","33":"purchasable","34":"product-type-variable"},"_links":{"self":[{"href":"https:\/\/oknatura.com\/pt-pt\/wp-json\/wp\/v2\/product\/51618","targetHints":{"allow":["GET"]}}],"collection":[{"href":"https:\/\/oknatura.com\/pt-pt\/wp-json\/wp\/v2\/product"}],"about":[{"href":"https:\/\/oknatura.com\/pt-pt\/wp-json\/wp\/v2\/types\/product"}],"replies":[{"embeddable":true,"href":"https:\/\/oknatura.com\/pt-pt\/wp-json\/wp\/v2\/comments?post=51618"}],"version-history":[{"count":4,"href":"https:\/\/oknatura.com\/pt-pt\/wp-json\/wp\/v2\/product\/51618\/revisions"}],"predecessor-version":[{"id":87800,"href":"https:\/\/oknatura.com\/pt-pt\/wp-json\/wp\/v2\/product\/51618\/revisions\/87800"}],"wp:featuredmedia":[{"embeddable":true,"href":"https:\/\/oknatura.com\/pt-pt\/wp-json\/wp\/v2\/media\/61363"}],"wp:attachment":[{"href":"https:\/\/oknatura.com\/pt-pt\/wp-json\/wp\/v2\/media?parent=51618"}],"wp:term":[{"taxonomy":"product_brand","embeddable":true,"href":"https:\/\/oknatura.com\/pt-pt\/wp-json\/wp\/v2\/product_brand?post=51618"},{"taxonomy":"product_cat","embeddable":true,"href":"https:\/\/oknatura.com\/pt-pt\/wp-json\/wp\/v2\/product_cat?post=51618"},{"taxonomy":"product_tag","embeddable":true,"href":"https:\/\/oknatura.com\/pt-pt\/wp-json\/wp\/v2\/product_tag?post=51618"},{"taxonomy":"giftcard-category","embeddable":true,"href":"https:\/\/oknatura.com\/pt-pt\/wp-json\/wp\/v2\/giftcard-category?post=51618"}],"curies":[{"name":"wp","href":"https:\/\/api.w.org\/{rel}","templated":true}]}}