{"id":53547,"date":"2021-04-10T12:34:13","date_gmt":"2021-04-10T12:34:13","guid":{"rendered":"https:\/\/oknatura.com\/products\/colar-de-ayahuasca-com-chacruna-feito-a-mao-com-ayahuasca-peca-original-e-unica-da\/"},"modified":"2025-08-20T10:38:26","modified_gmt":"2025-08-20T15:38:26","slug":"colar-de-ayahuasca-com-chacruna","status":"publish","type":"product","link":"https:\/\/oknatura.com\/pt-pt\/produtos\/colar-de-ayahuasca-com-chacruna\/","title":{"rendered":"COLAR DE AYAHUASCA COM CHACRUNA - Feito \u00e0 m\u00e3o com Ayahuasca Pe\u00e7a original e \u00fanica d\u00e1"},"content":{"rendered":"<h1>COLAR DE AYAHUASCA COM CHACRUNA - Um tesouro espiritual da Amaz\u00f3nia<\/h1>\n<p><strong>Qualidade not\u00e1vel:<\/strong><\/p>\n<p><strong>COLAR DE AYAHUASCA COM CHACRUNA - Revela a magia da floresta tropical<\/strong><\/p>\n<h2>O requintado COLAR DE AYAHUASCA COM CHACRUNA<\/h2>\n<p><strong>Descreve:<\/strong><\/p>\n<p>O COLAR DE AYAHUASCA COM CHACRUNA\u00a0\u00e9 mais do que uma joia; \u00e9 uma pe\u00e7a \u00fanica, feita \u00e0 m\u00e3o, que encerra a ess\u00eancia espiritual da Ayahuasca e da floresta amaz\u00f3nica. Feito com precis\u00e3o e cuidado, este colar \u00e9 um s\u00edmbolo da profunda liga\u00e7\u00e3o entre a espiritualidade e a natureza.<\/p>\n<h2>Para al\u00e9m das j\u00f3ias - Explora as suas m\u00faltiplas utiliza\u00e7\u00f5es<\/h2>\n<p><strong>Aplica\u00e7\u00f5es tradicionais:<\/strong><\/p>\n<ul>\n<li><strong>Adorno cerimonial:<\/strong> Nas cerim\u00f3nias tradicionais de ayahuasca, este colar \u00e9 usado para melhorar a liga\u00e7\u00e3o espiritual. Simboliza a viagem da alma e aprofunda a liga\u00e7\u00e3o com os esp\u00edritos das plantas.<\/li>\n<\/ul>\n<p><strong>Dimens\u00f5es menos conhecidas:<\/strong><\/p>\n<ul>\n<li><strong>D\u00e1 poder ao dia a dia:<\/strong> Para al\u00e9m das cerim\u00f3nias, este colar pode ser usado como um acess\u00f3rio di\u00e1rio. Ao faz\u00ea-lo, levas contigo o poder espiritual da Ayahuasca, permitindo que ela te guie e proteja ao longo do teu dia.<\/li>\n<li><strong>Ajuda na medita\u00e7\u00e3o:<\/strong> Algumas pessoas encontram conforto ao usar este colar durante a medita\u00e7\u00e3o. Segurar a pe\u00e7a enquanto meditas pode ajudar a centrar os teus pensamentos e a atrair as energias da floresta tropical.<\/li>\n<\/ul>\n<h2>Pr\u00f3s e contras<\/h2>\n<p><strong>Os Pr\u00f3s (Benef\u00edcios):<\/strong><\/p>\n<ul>\n<li><strong>Liga\u00e7\u00e3o espiritual:<\/strong> O COLAR DE AYAHUASCA COM CHACRUNA\u00a0serve de ponte entre ti e o mundo espiritual. Us\u00e1-lo \u00e9 uma lembran\u00e7a constante da tua liga\u00e7\u00e3o \u00e0 Ayahuasca e \u00e0s energias m\u00edsticas da Amaz\u00f3nia.<\/li>\n<li><strong>Beleza artesanal:<\/strong> Cada colar \u00e9 uma obra-prima, trabalhada com grande cuidado e dedica\u00e7\u00e3o. Estes colares s\u00e3o esteticamente agrad\u00e1veis e profundamente significativos, o que os torna a escolha ideal para uso pessoal ou como presente.<\/li>\n<li><strong>Orienta\u00e7\u00e3o espiritual:<\/strong> Acredita-se que este colar, com a sua liga\u00e7\u00e3o \u00e0 Ayahuasca e \u00e0 Chacruna, oferece orienta\u00e7\u00e3o e prote\u00e7\u00e3o na tua viagem espiritual.<\/li>\n<\/ul>\n<p><strong>Os contras (Avisos e seguran\u00e7a):<\/strong><\/p>\n<ul>\n<li><strong>Manusear com cuidado:<\/strong> Devido \u00e0 sua natureza delicada e ao seu design artesanal, o colar deve ser manuseado com cuidado para evitar qualquer dano.<\/li>\n<li><strong>Experi\u00eancia individual:<\/strong> Embora este colar tenha sido concebido para melhorar a tua liga\u00e7\u00e3o espiritual, as experi\u00eancias podem variar de pessoa para pessoa.<\/li>\n<\/ul>\n<h2>Como aproveitar a magia da floresta tropical<\/h2>\n<p>Aqui ficam algumas recomenda\u00e7\u00f5es para te ajudar a tirar o m\u00e1ximo partido do teu COLAR DE AYAHUASCA COM CHACRUNA:<\/p>\n<ol>\n<li><strong>Usa-o em cerim\u00f3nias:<\/strong> Usa o colar durante as cerim\u00f3nias de Ayahuasca para intensificares a tua viagem espiritual. Simboliza a harmonia entre ti e os esp\u00edritos das plantas.<\/li>\n<li><strong>Adorno di\u00e1rio:<\/strong> Incorpora o colar no teu estilo di\u00e1rio. Ao faz\u00ea-lo, podes levar contigo o poder da Ayahuasca e da floresta tropical, experimentando o seu abra\u00e7o protetor.<\/li>\n<li><strong>Companheiro de medita\u00e7\u00e3o:<\/strong> Usa o colar durante as sess\u00f5es de medita\u00e7\u00e3o. Segur\u00e1-lo enquanto meditas pode ajudar-te a focar os teus pensamentos e a entrar nas energias espirituais da floresta tropical.<\/li>\n<\/ol>\n<h2>Outros nomes para COLAR DE AYAHUASCA COM CHACRUNA<\/h2>\n<p>O COLAR DE AYAHUASCA COM CHACRUNA\u00a0\u00e9 tamb\u00e9m conhecido como <strong>Colar Espiritual da Amaz\u00f3nia<\/strong>, <strong>J\u00f3ias de Liga\u00e7\u00e3o Chacruna<\/strong> e <strong>Adorno de Ess\u00eancia da Floresta Tropical<\/strong>.<\/p>\n<h2>Conclui: Abra\u00e7a a espiritualidade da Amaz\u00f3nia<\/h2>\n<p>Em conclus\u00e3o, o COLAR DE AYAHUASCA COM CHACRUNA\u00a0\u00e9 uma pe\u00e7a de joalharia not\u00e1vel que te liga ao mundo espiritual e \u00e0 encantadora floresta amaz\u00f3nica. Quer o uses durante as cerim\u00f3nias, como parte do teu vestu\u00e1rio di\u00e1rio ou durante a medita\u00e7\u00e3o, este colar \u00e9 um s\u00edmbolo de eleg\u00e2ncia, espiritualidade e prote\u00e7\u00e3o. Cada vez que olhas para o teu reflexo, lembras-te da profunda sabedoria da Ayahuasca e das energias m\u00edsticas da floresta tropical.<\/p>\n<blockquote><p><strong>Nota:<\/strong><\/p>\n<p>Os produtos OK Natural s\u00e3o obtidos e vendidos no seu estado puro e de origem 100% natural \u00e0s comunidades aut\u00f3ctones. N\u00e3o cont\u00eam qualquer tipo de pesticida, qu\u00edmico, herbicida ou qualquer outra subst\u00e2ncia artificial.<\/p>\n<p><strong>N\u00e3o te responsabilizes:<\/strong><\/p><\/blockquote>\n<ul>\n<li>\n<blockquote><p>Todos os produtos s\u00e3o legais no nosso pa\u00eds de origem, sendo da responsabilidade do cliente investigar a sua legalidade no pa\u00eds de destino.<\/p><\/blockquote>\n<\/li>\n<li>\n<blockquote><p>A utiliza\u00e7\u00e3o destes produtos naturais n\u00e3o substitui uma consulta m\u00e9dica.<\/p><\/blockquote>\n<\/li>\n<li>\n<blockquote><p>N\u00e3o implica, de forma alguma, alega\u00e7\u00f5es m\u00e9dicas sobre a capacidade ou efic\u00e1cia de qualquer um dos nossos produtos para tratar, prevenir ou mitigar qualquer doen\u00e7a ou enfermidade.<\/p><\/blockquote>\n<\/li>\n<li>\n<blockquote><p>A utiliza\u00e7\u00e3o e aplica\u00e7\u00e3o dos nossos produtos \u00e9 da exclusiva responsabilidade do cliente.<\/p><\/blockquote>\n<\/li>\n<li>\n<blockquote><p>Estes efeitos deste produto s\u00e3o apoiados pela experi\u00eancia emp\u00edrica da medicina tradicional antiga com excelentes resultados.<\/p><\/blockquote>\n<\/li>\n<li>\n<blockquote><p>A aus\u00eancia de efeitos secund\u00e1rios nocivos se administrado na dose correta. Mas as informa\u00e7\u00f5es aqui identificadas n\u00e3o constituem, de forma alguma, uma ordena\u00e7\u00e3o ou prescri\u00e7\u00e3o.<\/p><\/blockquote>\n<\/li>\n<li>\n<blockquote><p>As declara\u00e7\u00f5es e as liga\u00e7\u00f5es a s\u00edtios Web aqui contidas n\u00e3o foram avaliadas pela FDA ou pelas autoridades internacionais em mat\u00e9ria de alimentos e medicamentos.<\/p><\/blockquote>\n<\/li>\n<\/ul>\n","protected":false},"excerpt":{"rendered":"<p>COLAR DE AYAHUASCA COM CHACRUNA - Um tesouro espiritual da Amaz\u00f3nia Qualidade not\u00e1vel: COLAR DE AYAHUASCA COM CHACRUNA - Revela a magia da floresta tropical O requintado COLAR DE AYAHUASCA COM CHACRUNA Descreve: O COLAR DE AYAHUASCA COM CHACRUNA\u00a0\u00e9 mais do que uma joia; \u00e9 uma pe\u00e7a \u00fanica, feita \u00e0 m\u00e3o, que encerra a ess\u00eancia [&hellip;]<\/p>\n","protected":false},"featured_media":62827,"comment_status":"open","ping_status":"closed","template":"","meta":{"_joinchat":[]},"product_brand":[242],"product_cat":[6980,6725],"product_tag":[6603],"giftcard-category":[],"class_list":{"0":"post-53547","1":"product","2":"type-product","3":"status-publish","4":"has-post-thumbnail","6":"product_brand-ok-natura","7":"product_cat-arte-amazonica","8":"product_cat-novas-chegadas-dhl-ou-fedex","9":"product_tag-ayahuasca-pt-pt","10":"product_shipping_class-envio-geral","11":"pa_6086def09b6b91619451632-ayahuasca-necklace-chacruna-handmade-piece-original-unique-item-01-und-arte-829-jpgoptimized921663c0c14b67aca6a7e264b57fca92id29558854418584pid6644052754584original_filenamecoll-pt-pt","12":"pa_badge-1-avaliacao","13":"pa_description_tag-experimenta-a-fusao-de-elegancia-e-espiritualidade-com-o-colar-ayahuasca-com-chacruna-eleva-o-teu-estilo-e-abraca-significados-mais-profundos-hoje","14":"pa_rating-scale_min1-0scale_max5-0value5-0-pt-pt","15":"pa_rating_count-1-pt-pt","16":"pa_review_count-28-pt-pt","17":"pa_review_enabled-1-pt-pt","18":"pa_review_rating-5-pt-pt","19":"pa_talla-01-und-pt-pt","20":"pa_title_tag-colar-de-ayahuasca-com-chacruna-peca-de-ayahuasca-feita-a-mao","21":"pa_widget-jdgm-rev-widg-display-none-comentarios-de-clientes-com-base-em-1-comentario-escreve-um-comentario-100-1-0-0-0-0-0-0-0-0-0-0-s","23":"first","24":"instock","25":"sale","26":"shipping-taxable","27":"purchasable","28":"product-type-variable"},"_links":{"self":[{"href":"https:\/\/oknatura.com\/pt-pt\/wp-json\/wp\/v2\/product\/53547","targetHints":{"allow":["GET"]}}],"collection":[{"href":"https:\/\/oknatura.com\/pt-pt\/wp-json\/wp\/v2\/product"}],"about":[{"href":"https:\/\/oknatura.com\/pt-pt\/wp-json\/wp\/v2\/types\/product"}],"replies":[{"embeddable":true,"href":"https:\/\/oknatura.com\/pt-pt\/wp-json\/wp\/v2\/comments?post=53547"}],"version-history":[{"count":3,"href":"https:\/\/oknatura.com\/pt-pt\/wp-json\/wp\/v2\/product\/53547\/revisions"}],"predecessor-version":[{"id":65732,"href":"https:\/\/oknatura.com\/pt-pt\/wp-json\/wp\/v2\/product\/53547\/revisions\/65732"}],"wp:featuredmedia":[{"embeddable":true,"href":"https:\/\/oknatura.com\/pt-pt\/wp-json\/wp\/v2\/media\/62827"}],"wp:attachment":[{"href":"https:\/\/oknatura.com\/pt-pt\/wp-json\/wp\/v2\/media?parent=53547"}],"wp:term":[{"taxonomy":"product_brand","embeddable":true,"href":"https:\/\/oknatura.com\/pt-pt\/wp-json\/wp\/v2\/product_brand?post=53547"},{"taxonomy":"product_cat","embeddable":true,"href":"https:\/\/oknatura.com\/pt-pt\/wp-json\/wp\/v2\/product_cat?post=53547"},{"taxonomy":"product_tag","embeddable":true,"href":"https:\/\/oknatura.com\/pt-pt\/wp-json\/wp\/v2\/product_tag?post=53547"},{"taxonomy":"giftcard-category","embeddable":true,"href":"https:\/\/oknatura.com\/pt-pt\/wp-json\/wp\/v2\/giftcard-category?post=53547"}],"curies":[{"name":"wp","href":"https:\/\/api.w.org\/{rel}","templated":true}]}}