{"id":54078,"date":"2021-04-08T17:27:56","date_gmt":"2021-04-08T17:27:56","guid":{"rendered":"https:\/\/oknatura.com\/products\/rape-snuff-piri-piri-5gr-a-100gr-eleutherine-bulbosa-100-po-de-plantas-naturais\/"},"modified":"2025-10-24T09:40:44","modified_gmt":"2025-10-24T14:40:44","slug":"rape-snuff-piri-piri-eleutherine-bulbosa","status":"publish","type":"product","link":"https:\/\/oknatura.com\/pt-pt\/produtos\/rape-snuff-piri-piri-eleutherine-bulbosa\/","title":{"rendered":"RAP\u00c9 SNUFF - PIRI PIRI \/ 5gr a 100gr \/ - (Eleutherine Bulbosa) - 100% P\u00f3 de Plantas Naturais"},"content":{"rendered":"<h1>RAP\u00c9 SNUFF - PIRI PIRI: Uma porta de entrada para o mundo de Eleutherine Bulbosa<\/h1>\n<p><strong>Qualidade not\u00e1vel:<\/strong><\/p>\n<p><strong>RAP\u00c9 SNUFF - PIRI PIRI: Revelando o potencial da Eleutherine Bulbosa<\/strong><\/p>\n<h2>Introdu\u00e7\u00e3o ao RAP\u00c9 SNUFF - PIRI PIRI<\/h2>\n<p><strong>Descreve:<\/strong><\/p>\n<p>Bem-vindo ao fascinante mundo do <strong>RAP\u00c9 SNUFF - PIRI PIRI, uma<\/strong>mistura \u00fanica e m\u00edstica que te apresenta as maravilhas da Eleutherine Bulbosa. Nesta viagem, vais descobrir as in\u00fameras utiliza\u00e7\u00f5es e o potencial escondido deste rap\u00e9 requintado, enquanto experimentas os seus benef\u00edcios e tomas as precau\u00e7\u00f5es necess\u00e1rias.<\/p>\n<h2>Usos tradicionais e menos conhecidos<\/h2>\n<p><strong>Usos tradicionais:<\/strong><\/p>\n<ul>\n<li><strong>Conex\u00e3o espiritual:<\/strong> <strong>RAP\u00c9 SNUFF - PIRI O PIRI<\/strong> tem ra\u00edzes profundas nas culturas ind\u00edgenas da Amaz\u00f3nia, onde \u00e9 considerado uma ferramenta sagrada para melhorar a liga\u00e7\u00e3o espiritual. \u00c9 usado para limpar a mente, equilibrar as energias e preparar rituais e cerim\u00f3nias.<\/li>\n<\/ul>\n<p><strong>Aplica\u00e7\u00f5es menos conhecidas:<\/strong><\/p>\n<ul>\n<li><strong>Concentra\u00e7\u00e3o e clareza:<\/strong> Alguns utilizadores relatam ter sentido uma maior concentra\u00e7\u00e3o e clareza mental depois de usarem o <strong>RAP\u00c9 SNUFF - PIRI PIRI<\/strong>. Pode ajudar a limpar o nevoeiro mental e a melhorar a concentra\u00e7\u00e3o.<\/li>\n<li><strong>Apoio respirat\u00f3rio:<\/strong> Embora n\u00e3o seja um produto medicinal, algumas pessoas acham que o ato de soprar o rap\u00e9 para dentro das narinas pode oferecer um al\u00edvio tempor\u00e1rio para narizes entupidos ou desconforto respirat\u00f3rio ligeiro.<\/li>\n<\/ul>\n<h2>Pr\u00f3s e contras de RAP\u00c9 SNUFF - PIRI PIRI<\/h2>\n<p><strong>Os Pr\u00f3s (Benef\u00edcios):<\/strong><\/p>\n<ul>\n<li><strong>Melhoria espiritual:<\/strong> Para aqueles que procuram crescimento espiritual e uma liga\u00e7\u00e3o mais profunda com o seu eu interior, <strong>o RAP\u00c9 SNUFF - PIRI PIRI<\/strong> fornece-te uma ferramenta \u00fanica.<\/li>\n<li><strong>Clareza mental:<\/strong> Experimenta um pensamento mais claro, uma concentra\u00e7\u00e3o melhorada e um estado de alerta mental, promovendo a produtividade em v\u00e1rios aspectos da vida.<\/li>\n<li><strong>Apoio respirat\u00f3rio ligeiro:<\/strong> Embora n\u00e3o substitua o tratamento m\u00e9dico, alguns utilizadores relataram um efeito calmante tempor\u00e1rio no desconforto respirat\u00f3rio ligeiro.<\/li>\n<\/ul>\n<p><strong>Os contras (Avisos e seguran\u00e7a):<\/strong><\/p>\n<ul>\n<li><strong>Consciencializa\u00e7\u00e3o da dosagem:<\/strong> Como todos os rap\u00e9s sagrados, a dosagem de <strong>RAP\u00c9 SNUFF - PIRI PIRI<\/strong> deve ser usada judiciosamente. \u00c9 essencial come\u00e7ares com uma pequena pitada e aumentares gradualmente para evitar desconforto.<\/li>\n<li><strong>Sensibilidade individual:<\/strong> A experi\u00eancia de cada pessoa pode ser diferente. \u00c9 crucial respeitar a resposta \u00fanica do teu corpo ao rap\u00e9, especialmente se tiveres sensibilidades respirat\u00f3rias.<\/li>\n<\/ul>\n<h2>Instru\u00e7\u00f5es e recomenda\u00e7\u00f5es<\/h2>\n<p>Para uma experi\u00eancia segura e enriquecedora com o <strong>RAP\u00c9 SNUFF - PIRI PIRI<\/strong>, segue estas instru\u00e7\u00f5es e recomenda\u00e7\u00f5es:<\/p>\n<ol>\n<li><strong>Cuidado com a dosagem:<\/strong> Come\u00e7a a tua viagem com uma pitada pequena e cautelosa de rap\u00e9. Aumenta lentamente a quantidade \u00e0 medida que te habituares, mantendo-te sempre dentro da tua zona de conforto.<\/li>\n<li><strong>Protocolo de aplica\u00e7\u00e3o:<\/strong> A aplica\u00e7\u00e3o correta e respeitosa deste rap\u00e9 sagrado \u00e9 vital. Usa um auto-aplicador ou procura a orienta\u00e7\u00e3o de um praticante experiente.<\/li>\n<li><strong>Ambiente solene:<\/strong> Para apreciar plenamente a experi\u00eancia, cria um ambiente sereno e livre de distrac\u00e7\u00f5es. Define inten\u00e7\u00f5es claras e, se desejares, participa em medita\u00e7\u00e3o ou rituais para melhorar a tua experi\u00eancia.<\/li>\n<li><strong>Hidrata\u00e7\u00e3o:<\/strong> \u00c9 necess\u00e1ria uma hidrata\u00e7\u00e3o adequada. Bebe \u00e1gua antes e depois de usares <strong>o RAP\u00c9 SNUFF - PIRI PIRI<\/strong> para te sentires confort\u00e1vel e manteres o teu bem-estar durante toda a viagem.<\/li>\n<li><strong>Abordagem consciente:<\/strong> Aproxima-te deste rap\u00e9 com rever\u00eancia e aten\u00e7\u00e3o. Compreende o seu potencial de crescimento espiritual, clareza mental e explora\u00e7\u00e3o sensorial.<\/li>\n<\/ol>\n<h2>Outros nomes para RAP\u00c9 SNUFF - PIRI PIRI<\/h2>\n<p><strong>RAP\u00c9 SNUFF - PIRI PIRI<\/strong> tamb\u00e9m pode ser conhecido como <strong>Piri Piri Rap\u00e9<\/strong> e <strong>Eleutherine Bulbosa Snuff<\/strong>.<\/p>\n<h2>Conclus\u00e3o: Come\u00e7a a tua viagem<\/h2>\n<p>Em conclus\u00e3o, <strong>RAP\u00c9 SNUFF - PIRI PIRI<\/strong> convida-te a iniciar uma viagem m\u00edstica e espiritualmente esclarecedora com Eleutherine Bulbosa. Este rap\u00e9 permite-te conectar com o teu eu interior, experimentar clareza mental e explorar o vasto reino dos rap\u00e9s sagrados. Entra no mundo encantador do <strong>RAP\u00c9 SNUFF - PIRI PIRI<\/strong> e descobre o potencial transformador da Eleutherine Bulbosa.<\/p>\n<blockquote><p><strong>Nota:<\/strong><\/p>\n<p>Os produtos OK Natural s\u00e3o obtidos e vendidos no seu estado puro e de origem 100% natural \u00e0s comunidades aut\u00f3ctones. N\u00e3o cont\u00eam qualquer tipo de pesticida, qu\u00edmico, herbicida ou qualquer outra subst\u00e2ncia artificial.<\/p>\n<p><strong>N\u00e3o te responsabilizes:<\/strong><\/p><\/blockquote>\n<ul>\n<li>\n<blockquote><p>Todos os produtos s\u00e3o legais no nosso pa\u00eds de origem, sendo da responsabilidade do cliente investigar a sua legalidade no pa\u00eds de destino.<\/p><\/blockquote>\n<\/li>\n<li>\n<blockquote><p>A utiliza\u00e7\u00e3o destes produtos naturais n\u00e3o substitui uma consulta m\u00e9dica.<\/p><\/blockquote>\n<\/li>\n<li>\n<blockquote><p>N\u00e3o implica de forma alguma alega\u00e7\u00f5es m\u00e9dicas sobre a capacidade ou efic\u00e1cia de qualquer um dos nossos produtos para tratar, prevenir ou mitigar qualquer doen\u00e7a ou enfermidade.<\/p><\/blockquote>\n<\/li>\n<li>\n<blockquote><p>A utiliza\u00e7\u00e3o e aplica\u00e7\u00e3o dos nossos produtos \u00e9 da exclusiva responsabilidade do cliente.<\/p><\/blockquote>\n<\/li>\n<li>\n<blockquote><p>Os efeitos deste produto s\u00e3o apoiados pela experi\u00eancia emp\u00edrica da medicina tradicional antiga com excelentes resultados.<\/p><\/blockquote>\n<\/li>\n<li>\n<blockquote><p>A aus\u00eancia de efeitos secund\u00e1rios nocivos se administrado na dose correta. Mas as informa\u00e7\u00f5es aqui identificadas n\u00e3o constituem, de forma alguma, uma ordena\u00e7\u00e3o ou prescri\u00e7\u00e3o.<\/p><\/blockquote>\n<\/li>\n<li>\n<blockquote><p>As declara\u00e7\u00f5es e as liga\u00e7\u00f5es a s\u00edtios Web aqui contidas n\u00e3o foram avaliadas pela FDA ou pelas autoridades internacionais em mat\u00e9ria de alimentos e medicamentos.<\/p><\/blockquote>\n<\/li>\n<\/ul>\n","protected":false},"excerpt":{"rendered":"<p>RAP\u00c9 SNUFF - PIRI PIRI: Uma porta de entrada para o mundo de Eleutherine Bulbosa Qualidade not\u00e1vel: RAP\u00c9 SNUFF - PIRI PIRI: Revelando o potencial da Eleutherine Bulbosa Introdu\u00e7\u00e3o ao RAP\u00c9 SNUFF - PIRI PIRI Descreve: Bem-vindo ao fascinante mundo do RAP\u00c9 SNUFF - PIRI PIRI, umamistura \u00fanica e m\u00edstica que te apresenta as maravilhas [&hellip;]<\/p>\n","protected":false},"featured_media":62675,"comment_status":"open","ping_status":"closed","template":"","meta":{"_joinchat":[]},"product_brand":[242],"product_cat":[6725,7384],"product_tag":[],"giftcard-category":[],"class_list":{"0":"post-54078","1":"product","2":"type-product","3":"status-publish","4":"has-post-thumbnail","6":"product_brand-ok-natura","7":"product_cat-novas-chegadas-dhl-ou-fedex","8":"product_cat-rape-pt-pt","9":"product_shipping_class-envio-geral","10":"pa_607fb68cc425a1618982540-rape-snuff-piri-5gr-100gr-eleutherine-bulbosa-100-natural-plant-powder-999-jpgoptimized921663c0c14b67aca6a7e264b57fca92id29373846192280pid6640031662232original_filenamerapeee_02-pt-pt","11":"pa_badge-1-avaliacao","12":"pa_description_tag-composicao-tabaco-cinza-das-raizes-do-piri-piri-utilizacoes-refresca-e-da-vitalidade-ao-corpo-utilizacoes-medicinais-da-vigor-e-forca-ao-corpo","13":"pa_rating-scale_min1-0scale_max5-0value5-0-pt-pt","14":"pa_rating_count-1-pt-pt","15":"pa_review_count-57-pt-pt","16":"pa_review_enabled-1-pt-pt","17":"pa_review_rating-5-pt-pt","18":"pa_seo_tags-rape-snuff-piri-piri-eleutherine-bulbosa-cinza-fortecomposicao-tabaco-cinza-das-raizes-do-piri-piri-utilizacoes-refresca-e-da-vitalidade-ao-corpo-utilizacoes-medicinais-da-vigor-e-forca","19":"pa_talla-100gr-pt-pt","20":"pa_talla-10gr-pt-pt","21":"pa_talla-1kg-pt-pt","22":"pa_talla-20gr-pt-pt","23":"pa_talla-30gr-pt-pt","24":"pa_talla-4kg-pt-pt","25":"pa_talla-50gr-pt-pt","26":"pa_talla-5gr-pt-pt","27":"pa_title_tag-rape-snuff-piri-piri-eleutherine-bulbosa-cinza-forte","28":"pa_widget-jdgm-rev-widg-display-none-comentarios-de-clientes-com-base-em-1-comentario-escreve-um-comentario-100-1-0-0-0-0-0-0-0-0-0-0-a","30":"first","31":"instock","32":"sale","33":"shipping-taxable","34":"purchasable","35":"product-type-variable"},"_links":{"self":[{"href":"https:\/\/oknatura.com\/pt-pt\/wp-json\/wp\/v2\/product\/54078","targetHints":{"allow":["GET"]}}],"collection":[{"href":"https:\/\/oknatura.com\/pt-pt\/wp-json\/wp\/v2\/product"}],"about":[{"href":"https:\/\/oknatura.com\/pt-pt\/wp-json\/wp\/v2\/types\/product"}],"replies":[{"embeddable":true,"href":"https:\/\/oknatura.com\/pt-pt\/wp-json\/wp\/v2\/comments?post=54078"}],"version-history":[{"count":1,"href":"https:\/\/oknatura.com\/pt-pt\/wp-json\/wp\/v2\/product\/54078\/revisions"}],"predecessor-version":[{"id":65789,"href":"https:\/\/oknatura.com\/pt-pt\/wp-json\/wp\/v2\/product\/54078\/revisions\/65789"}],"wp:featuredmedia":[{"embeddable":true,"href":"https:\/\/oknatura.com\/pt-pt\/wp-json\/wp\/v2\/media\/62675"}],"wp:attachment":[{"href":"https:\/\/oknatura.com\/pt-pt\/wp-json\/wp\/v2\/media?parent=54078"}],"wp:term":[{"taxonomy":"product_brand","embeddable":true,"href":"https:\/\/oknatura.com\/pt-pt\/wp-json\/wp\/v2\/product_brand?post=54078"},{"taxonomy":"product_cat","embeddable":true,"href":"https:\/\/oknatura.com\/pt-pt\/wp-json\/wp\/v2\/product_cat?post=54078"},{"taxonomy":"product_tag","embeddable":true,"href":"https:\/\/oknatura.com\/pt-pt\/wp-json\/wp\/v2\/product_tag?post=54078"},{"taxonomy":"giftcard-category","embeddable":true,"href":"https:\/\/oknatura.com\/pt-pt\/wp-json\/wp\/v2\/giftcard-category?post=54078"}],"curies":[{"name":"wp","href":"https:\/\/api.w.org\/{rel}","templated":true}]}}