{"id":54847,"date":"2021-04-10T12:38:47","date_gmt":"2021-04-10T17:38:47","guid":{"rendered":"https:\/\/oknatura.com\/products\/craft-glasses-feitos-a-mao-com-ayahuasca-item-especial-para-cerimonias\/"},"modified":"2025-08-20T10:21:27","modified_gmt":"2025-08-20T15:21:27","slug":"copos-de-artesanato-algodao-natural","status":"publish","type":"product","link":"https:\/\/oknatura.com\/pt-pt\/produtos\/copos-de-artesanato-algodao-natural\/","title":{"rendered":"COPOS DE ARTESANATO - Feitos \u00e0 m\u00e3o com Ayahuasca, Item Especial para Cerim\u00f3nias."},"content":{"rendered":"<h1>COPOS DE ARTESANATO- Feitos \u00e0 m\u00e3o com Ayahuasca, elevam a tua experi\u00eancia cerimonial<\/h1>\n<p><strong>Qualidade not\u00e1vel:<\/strong><\/p>\n<p><strong>COPOS DE ARTESANATO - Revela a beleza do artesanato da Ayahuasca<\/strong><\/p>\n<h2>Os encantadores COPOS DE ARTESANATO<\/h2>\n<p><strong>Descreve:<\/strong><\/p>\n<p><strong>Os COPOS DE ARTESANATO<\/strong>\u00a0s\u00e3o mais do que simples copos; s\u00e3o pe\u00e7as de arte trabalhadas com Ayahuasca, destinadas a enriquecer a tua experi\u00eancia cerimonial. Feitos \u00e0 m\u00e3o com o maior cuidado e devo\u00e7\u00e3o, estes copos encapsulam o profundo significado espiritual da Ayahuasca e trazem-na para o \u00e2mbito das tuas cerim\u00f3nias.<\/p>\n<h2>\u00d3culos para al\u00e9m do normal - As utiliza\u00e7\u00f5es vers\u00e1teis<\/h2>\n<p><strong>Aplica\u00e7\u00f5es tradicionais:<\/strong><\/p>\n<ul>\n<li><strong>Eleg\u00e2ncia cerimonial:<\/strong> Nas cerim\u00f3nias tradicionais de Ayahuasca, o uso de COPOS DE ARTESANATO\u00a0acrescenta um toque de eleg\u00e2ncia e espiritualidade. Eles cont\u00eam a bebida sagrada e ajudam os participantes a ligarem-se aos esp\u00edritos da planta.<\/li>\n<\/ul>\n<p><strong>Dimens\u00f5es menos conhecidas:<\/strong><\/p>\n<ul>\n<li><strong>Rituais quotidianos:<\/strong> Para al\u00e9m das cerim\u00f3nias, h\u00e1 quem opte por incorporar estes copos nos seus rituais di\u00e1rios. Beber ch\u00e1s de ervas ou mesmo \u00e1gua destes copos pode ser uma forma de te manteres ligado \u00e0 sabedoria da Ayahuasca.<\/li>\n<li><strong>Decora\u00e7\u00e3o criativa:<\/strong> Estes copos s\u00e3o objectos de decora\u00e7\u00e3o \u00fanicos, conferindo uma aura ex\u00f3tica e m\u00edstica \u00e0 tua casa. Coloc\u00e1-los no teu altar ou us\u00e1-los em ocasi\u00f5es especiais pode infundir o teu espa\u00e7o com um ambiente espiritual.<\/li>\n<\/ul>\n<h2>Pr\u00f3s e contras<\/h2>\n<p><strong>Os Pr\u00f3s (Benef\u00edcios):<\/strong><\/p>\n<ul>\n<li><strong>Liga\u00e7\u00e3o espiritual:<\/strong> <strong>Os COPOS DE ARTESANATO<\/strong>\u00a0s\u00e3o feitos \u00e0 m\u00e3o com Ayahuasca, uma planta conhecida pelas suas propriedades curativas e espirituais. Usar estes copos pode aprofundar a tua liga\u00e7\u00e3o com o esp\u00edrito da planta e melhorar a tua viagem cerimonial.<\/li>\n<li><strong>Beleza art\u00edstica:<\/strong> Cada copo \u00e9 uma pe\u00e7a de arte, habilmente trabalhada na perfei\u00e7\u00e3o. S\u00e3o simultaneamente bonitos e funcionais, o que os torna uma excelente escolha para as tuas cerim\u00f3nias.<\/li>\n<li><strong>Versatilidade:<\/strong> Estes copos n\u00e3o se limitam \u00e0s cerim\u00f3nias. A sua beleza e simbolismo tornam-nos adequados para o uso di\u00e1rio ou para melhorar a est\u00e9tica do teu espa\u00e7o.<\/li>\n<\/ul>\n<p><strong>Os contras (Avisos e seguran\u00e7a):<\/strong><\/p>\n<ul>\n<li><strong>Fragilidade:<\/strong> Por serem feitos \u00e0 m\u00e3o, estes copos podem ser delicados. Manuseia-os com cuidado para evitar que se partam.<\/li>\n<li><strong>Experi\u00eancias individuais:<\/strong> Embora se acredite que estes \u00f3culos melhoram a tua liga\u00e7\u00e3o espiritual, o impacto pode variar de pessoa para pessoa.<\/li>\n<\/ul>\n<h2>Como melhorar a tua experi\u00eancia cerimonial<\/h2>\n<p>Aqui tens algumas recomenda\u00e7\u00f5es para tirar o m\u00e1ximo partido dos COPOS DE ARTESANATO:<\/p>\n<ol>\n<li><strong>Respeita as cerim\u00f3nias:<\/strong> Quando participas em cerim\u00f3nias de Ayahuasca, usa estes copos para segurar e consumir a bebida sagrada. Mostra respeito pelos esp\u00edritos das plantas, tratando os copos com rever\u00eancia.<\/li>\n<li><strong>Rituais di\u00e1rios:<\/strong> Se decidires usar estes copos na tua vida di\u00e1ria, faz disso um ritual. Beber o teu ch\u00e1 matinal ou qualquer outra bebida \u00e0 escolha nestes copos pode servir como uma recorda\u00e7\u00e3o di\u00e1ria da tua viagem espiritual.<\/li>\n<li><strong>Decora\u00e7\u00e3o criativa:<\/strong> Abra\u00e7a a beleza art\u00edstica destes copos, incorporando-os na decora\u00e7\u00e3o da tua casa. S\u00e3o uma pe\u00e7a central cativante em reuni\u00f5es e celebra\u00e7\u00f5es.<\/li>\n<\/ol>\n<h2>Outros nomes para COPOS DE ARTESANATO<\/h2>\n<p><strong>Os COPOS DE ARTESANATO<\/strong>\u00a0s\u00e3o tamb\u00e9m conhecidos como <strong>Ayahuasca Drinkware<\/strong>, <strong>Sacred Brew Glasses<\/strong>, e <strong>Spirit-Infused Goblets<\/strong>.<\/p>\n<h2>Conclus\u00e3o: Eleva a tua viagem espiritual<\/h2>\n<p>Em conclus\u00e3o, <strong>os COPOS DE ARTESANATO<\/strong>\u00a0oferecem-te uma forma \u00fanica de aprofundares a tua liga\u00e7\u00e3o com a Ayahuasca e melhorares as tuas experi\u00eancias cerimoniais. Quer os uses para cerim\u00f3nias tradicionais, rituais di\u00e1rios ou decora\u00e7\u00e3o criativa, estes copos s\u00e3o s\u00edmbolos de beleza espiritual e rever\u00eancia. A cada gole, lembras-te da profunda sabedoria que a Ayahuasca transmite.<\/p>\n<blockquote><p><strong>Nota:<\/strong><\/p>\n<p>Os produtos OK Natural s\u00e3o obtidos e vendidos no seu estado puro e de origem 100% natural \u00e0s comunidades aut\u00f3ctones. N\u00e3o cont\u00eam qualquer tipo de pesticida, qu\u00edmico, herbicida ou qualquer outra subst\u00e2ncia artificial.<\/p>\n<p><strong>N\u00e3o te responsabilizes:<\/strong><\/p><\/blockquote>\n<ul>\n<li>\n<blockquote><p>Todos os produtos s\u00e3o legais no nosso pa\u00eds de origem, sendo da responsabilidade do cliente investigar a sua legalidade no pa\u00eds de destino.<\/p><\/blockquote>\n<\/li>\n<li>\n<blockquote><p>A utiliza\u00e7\u00e3o destes produtos naturais n\u00e3o substitui uma consulta m\u00e9dica.<\/p><\/blockquote>\n<\/li>\n<li>\n<blockquote><p>N\u00e3o implica, de forma alguma, alega\u00e7\u00f5es m\u00e9dicas sobre a capacidade ou efic\u00e1cia de qualquer um dos nossos produtos para tratar, prevenir ou mitigar qualquer doen\u00e7a ou enfermidade.<\/p><\/blockquote>\n<\/li>\n<li>\n<blockquote><p>A utiliza\u00e7\u00e3o e aplica\u00e7\u00e3o dos nossos produtos \u00e9 da exclusiva responsabilidade do cliente.<\/p><\/blockquote>\n<\/li>\n<li>\n<blockquote><p>Estes efeitos deste produto s\u00e3o apoiados pela experi\u00eancia emp\u00edrica da medicina tradicional antiga com excelentes resultados.<\/p><\/blockquote>\n<\/li>\n<li>\n<blockquote><p>A aus\u00eancia de efeitos secund\u00e1rios nocivos se administrado na dose correta. Mas as informa\u00e7\u00f5es aqui identificadas n\u00e3o constituem, de forma alguma, uma ordena\u00e7\u00e3o ou prescri\u00e7\u00e3o.<\/p><\/blockquote>\n<\/li>\n<li>\n<blockquote><p>As declara\u00e7\u00f5es e as liga\u00e7\u00f5es a s\u00edtios Web aqui contidas n\u00e3o foram avaliadas pela FDA ou pelas autoridades internacionais em mat\u00e9ria de alimentos e medicamentos.<\/p><\/blockquote>\n<\/li>\n<\/ul>\n","protected":false},"excerpt":{"rendered":"<p>COPOS DE ARTESANATO- Feitos \u00e0 m\u00e3o com Ayahuasca, elevam a tua experi\u00eancia cerimonial Qualidade not\u00e1vel: COPOS DE ARTESANATO - Revela a beleza do artesanato da Ayahuasca Os encantadores COPOS DE ARTESANATO Descreve: Os COPOS DE ARTESANATO\u00a0s\u00e3o mais do que simples copos; s\u00e3o pe\u00e7as de arte trabalhadas com Ayahuasca, destinadas a enriquecer a tua experi\u00eancia cerimonial. [&hellip;]<\/p>\n","protected":false},"featured_media":62843,"comment_status":"open","ping_status":"closed","template":"","meta":{"_joinchat":[]},"product_brand":[242],"product_cat":[6980,6725],"product_tag":[],"giftcard-category":[],"class_list":{"0":"post-54847","1":"product","2":"type-product","3":"status-publish","4":"has-post-thumbnail","6":"product_brand-ok-natura","7":"product_cat-arte-amazonica","8":"product_cat-novas-chegadas-dhl-ou-fedex","9":"product_shipping_class-envio-geral","10":"pa_6086defd38f181619451645-craft-glasses-handmade-ayahuasca-special-item-ceremonies-arte-amazonico-939-jpgoptimized921663c0c14b67aca6a7e264b57fca92id29558860316824pid6644056162456original_filenamevasosaya-pt-pt","11":"pa_badge-1-avaliacao","12":"pa_description_tag-os-copos-feitos-a-mao-sao-o-amuleto-perfeito-para-beber-na-cerimonia-da-ayahuasca-limpam-o-corpo-e-o-espirito-das-mas-energias-e-actuam-como-protectores-do-ambiente","13":"pa_nombre-grande","14":"pa_nombre-medio-pt-pt","15":"pa_nombre-pequeno","16":"pa_rating-scale_min1-0scale_max5-0value5-0-pt-pt","17":"pa_rating_count-1-pt-pt","18":"pa_review_count-29-pt-pt","19":"pa_review_enabled-1-pt-pt","20":"pa_review_rating-5-pt-pt","21":"pa_talla-01-und-pt-pt","22":"pa_title_tag-craft-glasses-feito-a-mao-com-ayahuasca-item-para-cerimonias","23":"pa_widget-jdgm-rev-widg-display-none-comentarios-de-clientes-com-base-em-1-comentario-escreve-um-comentario-100-1-0-0-0-0-0-0-0-0-c","25":"first","26":"instock","27":"sale","28":"shipping-taxable","29":"purchasable","30":"product-type-variable"},"_links":{"self":[{"href":"https:\/\/oknatura.com\/pt-pt\/wp-json\/wp\/v2\/product\/54847","targetHints":{"allow":["GET"]}}],"collection":[{"href":"https:\/\/oknatura.com\/pt-pt\/wp-json\/wp\/v2\/product"}],"about":[{"href":"https:\/\/oknatura.com\/pt-pt\/wp-json\/wp\/v2\/types\/product"}],"replies":[{"embeddable":true,"href":"https:\/\/oknatura.com\/pt-pt\/wp-json\/wp\/v2\/comments?post=54847"}],"version-history":[{"count":3,"href":"https:\/\/oknatura.com\/pt-pt\/wp-json\/wp\/v2\/product\/54847\/revisions"}],"predecessor-version":[{"id":65724,"href":"https:\/\/oknatura.com\/pt-pt\/wp-json\/wp\/v2\/product\/54847\/revisions\/65724"}],"wp:featuredmedia":[{"embeddable":true,"href":"https:\/\/oknatura.com\/pt-pt\/wp-json\/wp\/v2\/media\/62843"}],"wp:attachment":[{"href":"https:\/\/oknatura.com\/pt-pt\/wp-json\/wp\/v2\/media?parent=54847"}],"wp:term":[{"taxonomy":"product_brand","embeddable":true,"href":"https:\/\/oknatura.com\/pt-pt\/wp-json\/wp\/v2\/product_brand?post=54847"},{"taxonomy":"product_cat","embeddable":true,"href":"https:\/\/oknatura.com\/pt-pt\/wp-json\/wp\/v2\/product_cat?post=54847"},{"taxonomy":"product_tag","embeddable":true,"href":"https:\/\/oknatura.com\/pt-pt\/wp-json\/wp\/v2\/product_tag?post=54847"},{"taxonomy":"giftcard-category","embeddable":true,"href":"https:\/\/oknatura.com\/pt-pt\/wp-json\/wp\/v2\/giftcard-category?post=54847"}],"curies":[{"name":"wp","href":"https:\/\/api.w.org\/{rel}","templated":true}]}}