{"id":54940,"date":"2025-03-17T18:09:03","date_gmt":"2025-03-17T23:09:03","guid":{"rendered":"https:\/\/oknatura.com\/products\/mambe-super-premium-tribo-murui-30gr-a-10kg-folha-de-coca-cinza-de-cetico-edicao-limitada\/"},"modified":"2025-08-19T09:51:39","modified_gmt":"2025-08-19T14:51:39","slug":"mambe-super-premium-tribo-murui-folha","status":"publish","type":"product","link":"https:\/\/oknatura.com\/pt-pt\/produtos\/mambe-super-premium-tribo-murui-folha\/","title":{"rendered":"MAMBE SUPER-PREMIUM - Tribo Murui \/ 30gr a 10kg \/ - Folha de Coca + Cinza de Cetico - EDI\u00c7\u00c3O LIMITADA"},"content":{"rendered":"<h2><strong>MAMBE SUPER-PREMIUM - Tribo Murui - EDI\u00c7\u00c3O LIMITADA<\/strong><\/h2>\n<h3><strong>Eleva os teus sentidos com Mambe Premium - Tribo Murui - EDI\u00c7\u00c3O LIMITADA<\/strong><\/h3>\n<p>Deixa-te levar pelas ricas tradi\u00e7\u00f5es da Tribo Murui com o Mambe Super-Premium - Tribo Murui - LIMITED EDITION. Cuidadosamente elaborada e com disponibilidade limitada, esta edi\u00e7\u00e3o especial do Mambe oferece-te uma experi\u00eancia \u00fanica que transcende o comum.<\/p>\n<h3><strong>Descri\u00e7\u00e3o<\/strong><\/h3>\n<p>Mambe Super-Premium - Tribo Murui - EDI\u00c7\u00c3O LIMITADA \u00e9 uma mistura de Folha de Coca e Cinza de Cetico, meticulosamente preparada para honrar os costumes da tribo Murui. Esta edi\u00e7\u00e3o limitada de Mambe \u00e9 conhecida pela sua qualidade excecional e sabor requintado, tornando-a uma escolha procurada por aqueles que procuram uma experi\u00eancia premium.<\/p>\n<h3><strong>Usos tradicionais e pouco conhecidos<\/strong><\/h3>\n<p>Tradicionalmente, o Mambe tem sido usado pela tribo Murui pelas suas propriedades edificantes. No entanto, tamb\u00e9m \u00e9 usado em cerim\u00f3nias espirituais para melhorar a concentra\u00e7\u00e3o e promover uma sensa\u00e7\u00e3o de bem-estar. Al\u00e9m disso, acredita-se que o Mambe ajuda na digest\u00e3o e fornece um impulso natural de energia.<\/p>\n<h3><strong>Pr\u00f3s e contras<\/strong><\/h3>\n<h3><strong>Pr\u00f3s:<\/strong><\/h3>\n<ul>\n<li>Animador e energizante<\/li>\n<li>Aumenta a concentra\u00e7\u00e3o e a clareza mental<\/li>\n<li>Promove uma sensa\u00e7\u00e3o de bem-estar<\/li>\n<li>Edi\u00e7\u00e3o limitada, garante a exclusividade<\/li>\n<\/ul>\n<h3><strong>Contras:<\/strong><\/h3>\n<ul>\n<li>Disponibilidade limitada<\/li>\n<li>Pode ser demasiado forte para algumas pessoas<\/li>\n<\/ul>\n<h3><strong>Instru\u00e7\u00f5es e recomenda\u00e7\u00f5es<\/strong><\/h3>\n<p>Para desfrutares do Mambe Super-Premium - Tribo Murui - LIMITED EDITION, come\u00e7a com uma pequena quantidade e aumenta gradualmente conforme necess\u00e1rio. \u00c9 melhor consumires num ambiente calmo e tranquilo para apreciares plenamente os seus efeitos. Evita usar o Mambe ao fim do dia para evitar perturba\u00e7\u00f5es do sono.<\/p>\n<h3><strong>Outros nomes<\/strong><\/h3>\n<p>Mambe ou Ypadu \u00e9 tamb\u00e9m conhecido como \u201cMambi\u201d na l\u00edngua Murui, reflectindo o seu significado na sua heran\u00e7a cultural.<\/p>\n<h3><strong>Conclus\u00e3o <\/strong><\/h3>\n<p>Em conclus\u00e3o, Mambe Super-Premium - Tribo Murui - LIMITED EDITION n\u00e3o \u00e9 apenas um produto, \u00e9 uma experi\u00eancia. Com a sua hist\u00f3ria rica e qualidade excecional, oferece uma forma \u00fanica de te ligares \u00e0s tradi\u00e7\u00f5es da tribo Murui. Experimenta Mambe hoje e eleva os teus sentidos a novas alturas.<\/p>\n<blockquote><p><strong>Nota:<\/strong><\/p>\n<p>Os produtos OK Natural s\u00e3o obtidos e vendidos no seu estado puro e de origem 100% natural \u00e0s comunidades aut\u00f3ctones. N\u00e3o cont\u00eam qualquer tipo de pesticida, qu\u00edmico, herbicida ou qualquer outra subst\u00e2ncia artificial.<\/p>\n<p><strong>N\u00e3o te responsabilizes:<\/strong><\/p><\/blockquote>\n<ul>\n<li>\n<blockquote><p>Todos os produtos s\u00e3o legais no nosso pa\u00eds de origem, sendo da responsabilidade do cliente investigar a sua legalidade no pa\u00eds de destino.<\/p><\/blockquote>\n<\/li>\n<li>\n<blockquote><p>A utiliza\u00e7\u00e3o destes produtos naturais n\u00e3o substitui uma consulta m\u00e9dica.<\/p><\/blockquote>\n<\/li>\n<li>\n<blockquote><p>N\u00e3o implica de forma alguma alega\u00e7\u00f5es m\u00e9dicas sobre a capacidade ou efic\u00e1cia de qualquer um dos nossos produtos para tratar, prevenir ou mitigar qualquer doen\u00e7a ou enfermidade.<\/p><\/blockquote>\n<\/li>\n<li>\n<blockquote><p>A utiliza\u00e7\u00e3o e aplica\u00e7\u00e3o dos nossos produtos \u00e9 da exclusiva responsabilidade do cliente.<\/p><\/blockquote>\n<\/li>\n<li>\n<blockquote><p>Os efeitos deste produto s\u00e3o apoiados pela experi\u00eancia emp\u00edrica da medicina tradicional antiga com excelentes resultados.<\/p><\/blockquote>\n<\/li>\n<li>\n<blockquote><p>A aus\u00eancia de efeitos secund\u00e1rios nocivos se administrado na dose correta. Mas as informa\u00e7\u00f5es aqui identificadas n\u00e3o constituem, de forma alguma, uma ordena\u00e7\u00e3o ou prescri\u00e7\u00e3o.<\/p><\/blockquote>\n<\/li>\n<li>\n<blockquote><p>As declara\u00e7\u00f5es e as liga\u00e7\u00f5es a s\u00edtios Web aqui contidas n\u00e3o foram avaliadas pela FDA ou pelas autoridades internacionais em mat\u00e9ria de alimentos e medicamentos.<\/p><\/blockquote>\n<\/li>\n<\/ul>\n","protected":false},"excerpt":{"rendered":"<p>MAMBE SUPER-PREMIUM - Tribo Murui - EDI\u00c7\u00c3O LIMITADA Eleva os teus sentidos com Mambe Premium - Tribo Murui - EDI\u00c7\u00c3O LIMITADA Deixa-te levar pelas ricas tradi\u00e7\u00f5es da Tribo Murui com o Mambe Super-Premium - Tribo Murui - LIMITED EDITION. Cuidadosamente elaborada e com disponibilidade limitada, esta edi\u00e7\u00e3o especial do Mambe oferece-te uma experi\u00eancia \u00fanica que [&hellip;]<\/p>\n","protected":false},"featured_media":63979,"comment_status":"open","ping_status":"closed","template":"","meta":{"_joinchat":[]},"product_brand":[],"product_cat":[6804,6711],"product_tag":[],"giftcard-category":[],"class_list":{"0":"post-54940","1":"product","2":"type-product","3":"status-publish","4":"has-post-thumbnail","6":"product_cat-mambe-coca","7":"product_cat-vendas-correio-nacional","8":"product_shipping_class-extrato-de-pasta","9":"pa_5f9675d9b1bdd1603696089-mambe-30gr-500gr-coca-leaf-cetico-ash-597-pngoptimizednullid21779067273368pid5879639507096original_filenamemambe11655_6155649b-7e3c-489d-b311-5be38407c286-pngvariant_idsp-pt-pt","10":"pa_5fd91cd2420e41608064210-mambe-30gr-2kg-coca-leaf-cetico-ash-matcha-mortar-pestle-934-jpgoptimized921663c0c14b67aca6a7e264b57fca92id24298305552536pid5879639507096original_filenamemambe11655_6155649b-7e3-pt-pt","11":"pa_badge-12-comentarios","12":"pa_description_tag-experimenta-o-poder-revigorante-do-mambe-eleva-os-teus-sentidos-com-este-energetico-tradicional-e-explora-uma-nova-forma-de-despertar-a-tua-vitalidade-experimenta-mambe-hoje","13":"pa_rating-scale_min1-0scale_max5-0value4-5-pt-pt","14":"pa_rating_count-12-pt-pt","15":"pa_review_count-50-pt-pt","16":"pa_review_enabled-1-pt-pt","17":"pa_review_rating-4-9-pt-pt","18":"pa_reviews-spr-container-padding-24px-border-color-ececec-spr-review-spr-form-border-color-ececec-comentarios-de-clientes-baseado-em-1-re","19":"pa_talla-10-kg-pt-pt","20":"pa_talla-100gr-pt-pt","21":"pa_talla-1kg-pt-pt","22":"pa_talla-2kg-pt-pt","23":"pa_talla-300gr-pt-pt","24":"pa_talla-30gr-pt-pt","25":"pa_talla-4kg-pt-pt","26":"pa_talla-500gr-pt-pt","27":"pa_talla-50gr-pt-pt","28":"pa_title_tag-mambe-para-venda-folha-de-coca-cinza-de-cetico-amazonia-natural-food","29":"pa_widget-jdgm-rev-widg-display-none-comentarios-de-clientes-com-base-em-12-comentarios-escreve-um-comentario-75-9-8-1-8-1-8-1-8-1-0-0-80-0-a","31":"first","32":"instock","33":"sale","34":"shipping-taxable","35":"purchasable","36":"product-type-variable"},"_links":{"self":[{"href":"https:\/\/oknatura.com\/pt-pt\/wp-json\/wp\/v2\/product\/54940","targetHints":{"allow":["GET"]}}],"collection":[{"href":"https:\/\/oknatura.com\/pt-pt\/wp-json\/wp\/v2\/product"}],"about":[{"href":"https:\/\/oknatura.com\/pt-pt\/wp-json\/wp\/v2\/types\/product"}],"replies":[{"embeddable":true,"href":"https:\/\/oknatura.com\/pt-pt\/wp-json\/wp\/v2\/comments?post=54940"}],"version-history":[{"count":3,"href":"https:\/\/oknatura.com\/pt-pt\/wp-json\/wp\/v2\/product\/54940\/revisions"}],"predecessor-version":[{"id":65023,"href":"https:\/\/oknatura.com\/pt-pt\/wp-json\/wp\/v2\/product\/54940\/revisions\/65023"}],"wp:featuredmedia":[{"embeddable":true,"href":"https:\/\/oknatura.com\/pt-pt\/wp-json\/wp\/v2\/media\/63979"}],"wp:attachment":[{"href":"https:\/\/oknatura.com\/pt-pt\/wp-json\/wp\/v2\/media?parent=54940"}],"wp:term":[{"taxonomy":"product_brand","embeddable":true,"href":"https:\/\/oknatura.com\/pt-pt\/wp-json\/wp\/v2\/product_brand?post=54940"},{"taxonomy":"product_cat","embeddable":true,"href":"https:\/\/oknatura.com\/pt-pt\/wp-json\/wp\/v2\/product_cat?post=54940"},{"taxonomy":"product_tag","embeddable":true,"href":"https:\/\/oknatura.com\/pt-pt\/wp-json\/wp\/v2\/product_tag?post=54940"},{"taxonomy":"giftcard-category","embeddable":true,"href":"https:\/\/oknatura.com\/pt-pt\/wp-json\/wp\/v2\/giftcard-category?post=54940"}],"curies":[{"name":"wp","href":"https:\/\/api.w.org\/{rel}","templated":true}]}}