{"id":56219,"date":"2023-09-06T19:20:28","date_gmt":"2023-09-06T19:20:28","guid":{"rendered":"https:\/\/oknatura.com\/products\/rape-snuff-catuaba-do-brasil-5gr-a-100gr-100-fabricado-por-tribos-nativas-da-amazonia\/"},"modified":"2025-10-24T08:43:09","modified_gmt":"2025-10-24T13:43:09","slug":"rape-snuff-catuaba-do-brasil","status":"publish","type":"product","link":"https:\/\/oknatura.com\/pt-pt\/produtos\/rape-snuff-catuaba-do-brasil\/","title":{"rendered":"RAP\u00c9 SNUFF * CATUABA (DO BRASIL) \/ 5gr a 100gr \/ - 100 % fabricado por tribos nativas da Amaz\u00f3nia"},"content":{"rendered":"<h2>RAP\u00c9 SNUFF * CATUABA (DO BRASIL) - 100 % feito por tribos nativas da Amaz\u00f3nia<\/h2>\n<p><strong>Para que \u00e9 utilizado o CATUABA RAP\u00c9 SNUFF?<\/strong><\/p>\n<ul>\n<li>\u00c9 um rap\u00e9 tradicional da Amaz\u00f3nia utilizado para fins espirituais e curativos.<\/li>\n<li>Acredita-se que ajuda a limpar a mente, melhora a concentra\u00e7\u00e3o e promove a clareza mental.<\/li>\n<li>Pode ser usado para apoiar a medita\u00e7\u00e3o e outras pr\u00e1ticas espirituais.<\/li>\n<li>Tamb\u00e9m \u00e9 utilizada em cerim\u00f3nias tribais para purifica\u00e7\u00e3o e liga\u00e7\u00e3o \u00e0 terra.<\/li>\n<\/ul>\n<p><strong>Como usar, dosagem e utilidades:<\/strong><\/p>\n<ul>\n<li>O CATUABA RAP\u00c9 SNUFF \u00e9 tipicamente soprado para dentro do nariz usando um cachimbo ou um instrumento chamado kuripe.<\/li>\n<li>A dosagem pode variar em fun\u00e7\u00e3o das necessidades e prefer\u00eancias individuais, mas recomenda-se que comeces com uma pequena quantidade e aumentes gradualmente.<\/li>\n<li>\u00c9 frequentemente utilizado antes da medita\u00e7\u00e3o ou de pr\u00e1ticas espirituais para aumentar os seus efeitos.<\/li>\n<li>Tamb\u00e9m pode ser utilizado como uma ferramenta para te ligares \u00e0 natureza.<\/li>\n<\/ul>\n<p><strong>Pr\u00f3s (vantagens):<\/strong><\/p>\n<ul>\n<li>O CATUABA RAP\u00c9 SNUFF \u00e9 um produto tradicional das tribos ind\u00edgenas da Amaz\u00f3nia.<\/li>\n<li>Tem uma longa hist\u00f3ria de utiliza\u00e7\u00e3o para fins espirituais e de cura.<\/li>\n<li>Pode ser uma ferramenta \u00fatil para a medita\u00e7\u00e3o e outras pr\u00e1ticas espirituais.<\/li>\n<li>Pode promover a clareza mental e a concentra\u00e7\u00e3o.<\/li>\n<\/ul>\n<p><strong>Contras (Avisos e seguran\u00e7a):<\/strong><\/p>\n<ul>\n<li>A utiliza\u00e7\u00e3o de CATUABA RAP\u00c9 SNUFF deve ser feita com respeito e precau\u00e7\u00e3o.<\/li>\n<li>\u00c9 importante que a utilizes de uma forma segura e respons\u00e1vel.<\/li>\n<li>N\u00e3o deve ser utilizado por mulheres gr\u00e1vidas ou a amamentar, e as pessoas com problemas de sa\u00fade pr\u00e9-existentes devem consultar um profissional de sa\u00fade antes de o utilizarem.<\/li>\n<li>O uso excessivo pode ter efeitos negativos no corpo e na mente.<\/li>\n<\/ul>\n<p><em><strong>Nota:<\/strong><\/em><br \/>\nOs produtos OK Natural s\u00e3o obtidos e comercializados em estado puro e de origem 100% natural junto das comunidades aut\u00f3ctones. N\u00e3o cont\u00eam qualquer tipo de pesticida, qu\u00edmico, herbicida ou qualquer outra subst\u00e2ncia que seja artificial.<\/p>\n<p><em><strong>N\u00e3o te responsabilizes:<\/strong><\/em><br \/>\n- Os efeitos deste produto s\u00e3o apoiados pela experi\u00eancia emp\u00edrica da medicina tradicional antiga com excelentes resultados. A aus\u00eancia de efeitos secund\u00e1rios prejudiciais se administrado na dose correta. Mas a informa\u00e7\u00e3o aqui identificada n\u00e3o \u00e9 de forma alguma uma ordena\u00e7\u00e3o ou prescri\u00e7\u00e3o.<br \/>\n- A utiliza\u00e7\u00e3o destes produtos naturais n\u00e3o substitui uma consulta m\u00e9dica.<br \/>\n- Todos os produtos s\u00e3o legais no nosso pa\u00eds de origem, sendo da responsabilidade do cliente investigar a legalidade dos mesmos no pa\u00eds de destino.<br \/>\n- As declara\u00e7\u00f5es e as liga\u00e7\u00f5es a s\u00edtios Web aqui contidas n\u00e3o foram avaliadas pela FDA e pelas autoridades internacionais em mat\u00e9ria de alimentos e medicamentos.<br \/>\n- N\u00e3o implica de forma alguma alega\u00e7\u00f5es m\u00e9dicas relativamente \u00e0 capacidade ou efic\u00e1cia de qualquer um dos nossos produtos para tratar, prevenir ou mitigar qualquer doen\u00e7a ou enfermidade.<br \/>\n- A utiliza\u00e7\u00e3o e aplica\u00e7\u00e3o dos nossos produtos \u00e9 da exclusiva responsabilidade do cliente.<\/p>\n","protected":false},"excerpt":{"rendered":"<p>RAP\u00c9 SNUFF * CATUABA (DO BRASIL) - 100 % feito por tribos nativas da Amaz\u00f3nia Para que \u00e9 utilizado o CATUABA RAP\u00c9 SNUFF? \u00c9 um rap\u00e9 tradicional da Amaz\u00f3nia utilizado para fins espirituais e curativos. Acredita-se que ajuda a limpar a mente, melhora a concentra\u00e7\u00e3o e promove a clareza mental. Pode ser usado para apoiar [&hellip;]<\/p>\n","protected":false},"featured_media":63491,"comment_status":"open","ping_status":"closed","template":"","meta":{"_joinchat":[]},"product_brand":[242],"product_cat":[6725,7384],"product_tag":[],"giftcard-category":[],"class_list":{"0":"post-56219","1":"product","2":"type-product","3":"status-publish","4":"has-post-thumbnail","6":"product_brand-ok-natura","7":"product_cat-novas-chegadas-dhl-ou-fedex","8":"product_cat-rape-pt-pt","9":"product_shipping_class-envio-geral","10":"pa_607093e2895771617990626-rape-snuff-nawa-5gr-100gr-rapes-brasileiro-100-made-natives-amazon-tribes-food-571-jpgoptimized921663c0c14b67aca6a7e264b57fca92id28886545531032pid5903926362264original_filenamer-pt-pt","11":"pa_badge-nao-ha-comentarios","12":"pa_description_tag-composicao-tabaco-cinza-de-menta-brasileira-utilizacoes-relaxa-e-liberta-te-da-ansiedade-usos-medicinais-muito-forte-e-intenso-ajuda-te-a-meditar","13":"pa_review_count-52-pt-pt","14":"pa_review_enabled-1-pt-pt","15":"pa_review_rating-5-pt-pt","16":"pa_talla-100gr-pt-pt","17":"pa_talla-10gr-pt-pt","18":"pa_talla-1kg-pt-pt","19":"pa_talla-20gr-pt-pt","20":"pa_talla-30gr-pt-pt","21":"pa_talla-4kg-pt-pt","22":"pa_talla-50gr-pt-pt","23":"pa_talla-5gr-pt-pt","24":"pa_title_tag-rape-snuff-catuaba-para-venda-do-brasil-tribos-nativas","25":"pa_widget-jdgm-rev-widg-display-none-comentarios-de-clientes-se-o-primeiro-a-escrever-um-comentario-escrever-um-comentario-0-0-0-0-0-0-0-0-0-0-0-0","27":"first","28":"instock","29":"sale","30":"shipping-taxable","31":"purchasable","32":"product-type-variable"},"_links":{"self":[{"href":"https:\/\/oknatura.com\/pt-pt\/wp-json\/wp\/v2\/product\/56219","targetHints":{"allow":["GET"]}}],"collection":[{"href":"https:\/\/oknatura.com\/pt-pt\/wp-json\/wp\/v2\/product"}],"about":[{"href":"https:\/\/oknatura.com\/pt-pt\/wp-json\/wp\/v2\/types\/product"}],"replies":[{"embeddable":true,"href":"https:\/\/oknatura.com\/pt-pt\/wp-json\/wp\/v2\/comments?post=56219"}],"version-history":[{"count":1,"href":"https:\/\/oknatura.com\/pt-pt\/wp-json\/wp\/v2\/product\/56219\/revisions"}],"predecessor-version":[{"id":65166,"href":"https:\/\/oknatura.com\/pt-pt\/wp-json\/wp\/v2\/product\/56219\/revisions\/65166"}],"wp:featuredmedia":[{"embeddable":true,"href":"https:\/\/oknatura.com\/pt-pt\/wp-json\/wp\/v2\/media\/63491"}],"wp:attachment":[{"href":"https:\/\/oknatura.com\/pt-pt\/wp-json\/wp\/v2\/media?parent=56219"}],"wp:term":[{"taxonomy":"product_brand","embeddable":true,"href":"https:\/\/oknatura.com\/pt-pt\/wp-json\/wp\/v2\/product_brand?post=56219"},{"taxonomy":"product_cat","embeddable":true,"href":"https:\/\/oknatura.com\/pt-pt\/wp-json\/wp\/v2\/product_cat?post=56219"},{"taxonomy":"product_tag","embeddable":true,"href":"https:\/\/oknatura.com\/pt-pt\/wp-json\/wp\/v2\/product_tag?post=56219"},{"taxonomy":"giftcard-category","embeddable":true,"href":"https:\/\/oknatura.com\/pt-pt\/wp-json\/wp\/v2\/giftcard-category?post=56219"}],"curies":[{"name":"wp","href":"https:\/\/api.w.org\/{rel}","templated":true}]}}