{"id":56369,"date":"2023-09-06T19:10:27","date_gmt":"2023-09-06T19:10:27","guid":{"rendered":"https:\/\/oknatura.com\/products\/rape-snuff-cacao-do-brasil-5gr-a-100gr-100-fabricado-por-tribos-indigenas-da-amazonia\/"},"modified":"2025-08-19T13:51:16","modified_gmt":"2025-08-19T18:51:16","slug":"rape-de-cacau-theobroma-cacao","status":"publish","type":"product","link":"https:\/\/oknatura.com\/pt-pt\/produtos\/rape-de-cacau-theobroma-cacao\/","title":{"rendered":"RAP\u00c9 DE CACAU\/ 5gr a 100gr \/ - 100 % fabricado por tribos ind\u00edgenas da Amaz\u00f3nia"},"content":{"rendered":"<h1>RAP\u00c9 DE CACAU: O Elixir Sagrado da Amaz\u00f3nia<\/h1>\n<h2>RAP\u00c9 DE CACAU: Uma porta de entrada para a sabedoria amaz\u00f3nica<\/h2>\n<p>Bem-vindo ao mundo m\u00edstico do RAP\u00c9 DE CACAU, uma mistura sagrada criada pelas tribos ind\u00edgenas da floresta amaz\u00f3nica. Nesta viagem encantadora, vamos aprofundar as qualidades profundas do RAP\u00c9 DE CACAU, os seus usos multifacetados, os benef\u00edcios que oferece e orienta\u00e7\u00f5es importantes sobre como experimentar o seu potencial extraordin\u00e1rio. No final desta explora\u00e7\u00e3o, ser\u00e1s atra\u00eddo pelo fasc\u00ednio deste elixir amaz\u00f3nico, criado e apreciado pelos povos nativos.<\/p>\n<h2>RAP\u00c9 DE CACAU: A sua qualidade mais not\u00e1vel<\/h2>\n<p><strong>A qualidade mais not\u00e1vel:<\/strong><\/p>\n<p><strong>O RAP\u00c9 DE CACAU<\/strong>\u00a0distingue-se pela sua mistura \u00fanica de ervas sagradas da Amaz\u00f3nia e cacau puro, oferecendo uma experi\u00eancia transcendente que combina o despertar sensorial com a perce\u00e7\u00e3o espiritual.<\/p>\n<h2>Usos tradicionais e menos conhecidos<\/h2>\n<p><strong>Aplica\u00e7\u00f5es tradicionais:<\/strong><\/p>\n<ul>\n<li><strong>Rituais Sacramentais:<\/strong> <strong>O RAP\u00c9 DE CACAU<\/strong>\u00a0\u00e9 tradicionalmente usado em rituais xam\u00e2nicos da Amaz\u00f3nia para induzir estados elevados de consci\u00eancia e estabelecer liga\u00e7\u00f5es com o reino espiritual.<\/li>\n<li><strong>Purifica\u00e7\u00e3o cerimonial:<\/strong> Desempenha um papel importante nas cerim\u00f3nias de purifica\u00e7\u00e3o, onde se acredita que limpa o corpo, a mente e o esp\u00edrito.<\/li>\n<li><strong>Aumenta a concentra\u00e7\u00e3o:<\/strong> A mistura pode melhorar a clareza mental e a concentra\u00e7\u00e3o, tornando-a valiosa para a introspe\u00e7\u00e3o e a medita\u00e7\u00e3o.<\/li>\n<\/ul>\n<p><strong>Potencial oculto:<\/strong><\/p>\n<ul>\n<li><strong>Liberta\u00e7\u00e3o emocional:<\/strong> <strong>O RAP\u00c9 DE CACAU<\/strong>\u00a0pode ajudar na liberta\u00e7\u00e3o emocional e na catarse, ajudando os indiv\u00edduos a confrontar e a curar feridas emocionais.<\/li>\n<li><strong>Aumenta a energia:<\/strong> Alguns utilizadores relatam sentir um efeito energ\u00e9tico que pode melhorar a vitalidade e a motiva\u00e7\u00e3o.<\/li>\n<li><strong>Eleva o humor:<\/strong> Pode promover sentimentos de alegria, gratid\u00e3o e contentamento, oferecendo uma via \u00fanica para a explora\u00e7\u00e3o emocional.<\/li>\n<\/ul>\n<h2>Pr\u00f3s e contras<\/h2>\n<p><strong>Os Pr\u00f3s (Benef\u00edcios):<\/strong><\/p>\n<ul>\n<li><strong>Liga\u00e7\u00e3o espiritual:<\/strong> <strong>O RAP\u00c9 DE CACAU<\/strong>\u00a0pode facilitar experi\u00eancias espirituais profundas, permitindo aos utilizadores ligarem-se a uma consci\u00eancia superior.<\/li>\n<li><strong>Clareza mental:<\/strong> Pode ajudar a limpar o nevoeiro mental e a melhorar as capacidades cognitivas, tornando-o ideal para a medita\u00e7\u00e3o e a autorreflex\u00e3o.<\/li>\n<li><strong>Cura emocional:<\/strong> Alguns indiv\u00edduos encontram liberta\u00e7\u00e3o emocional e cura atrav\u00e9s do uso desta mistura sagrada.<\/li>\n<\/ul>\n<p><strong>Os contras (Avisos e seguran\u00e7a):<\/strong><\/p>\n<ul>\n<li><strong>Uso Cerimonial:<\/strong> <strong>O RAP\u00c9 DE CACAU<\/strong>\u00a0destina-se a uso cerimonial e espiritual. N\u00e3o deves us\u00e1-lo de forma casual ou recreativa.<\/li>\n<li><strong>Sensa\u00e7\u00e3o de ardor:<\/strong> Quando aplicado por via nasal, pode induzir uma forte sensa\u00e7\u00e3o de ardor, que pode ser desconfort\u00e1vel para alguns utilizadores.<\/li>\n<li><strong>Consciencializa\u00e7\u00e3o da dosagem:<\/strong> A utiliza\u00e7\u00e3o da dose correta \u00e9 crucial. O uso excessivo pode causar desconforto e deve ser evitado.<\/li>\n<\/ul>\n<h2>Como tirar o m\u00e1ximo partido do RAP\u00c9 DE CACAU<\/h2>\n<p>Para abra\u00e7ar plenamente a magia do <strong>RAP\u00c9 SNUFF CACAO<\/strong>, considera o seguinte:<\/p>\n<ol>\n<li><strong>Prepara-te:<\/strong> Aborda a experi\u00eancia com respeito e inten\u00e7\u00e3o. Prepara o teu espa\u00e7o cerimonial com rever\u00eancia.<\/li>\n<li><strong>Usa:<\/strong> Usa um kuripe ou um cachimbo tepi para autoadministrar o rap\u00e9 suavemente em cada narina. Este processo requer aten\u00e7\u00e3o e inten\u00e7\u00e3o concentrada.<\/li>\n<li><strong>Medita\u00e7\u00e3o:<\/strong> Depois da aplica\u00e7\u00e3o, senta-te em medita\u00e7\u00e3o ou contempla\u00e7\u00e3o para permitir que a mistura sagrada fa\u00e7a a sua magia transformadora.<\/li>\n<\/ol>\n<h2>Outros nomes para RAP\u00c9 DE CACAU<\/h2>\n<p><strong>O RAP\u00c9 DE CACAU<\/strong>\u00a0\u00e9 tamb\u00e9m conhecido como \u201cRAP\u00c9 DE CACAU\u201d ou \u201cRap\u00e9 de Cacau da Amaz\u00f3nia\u201d.<\/p>\n<h2>Conclui: Abra\u00e7a a Sabedoria Amaz\u00f3nica com o RAP\u00c9 DE CACAU<\/h2>\n<p>Em conclus\u00e3o, <strong>o RAP\u00c9 DE CACAU<\/strong>\u00a0\u00e9 um portal para a sabedoria da Amaz\u00f3nia, oferecendo-te profundos conhecimentos espirituais, cura emocional e maior clareza. \u00c9 uma ferramenta \u00fanica para aqueles que procuram explorar as profundezas da sua consci\u00eancia e experimentar a riqueza das tradi\u00e7\u00f5es ind\u00edgenas.<\/p>\n<blockquote><p><strong>Nota:<\/strong><\/p>\n<p>Os produtos OK Natural s\u00e3o obtidos e vendidos no seu estado puro e de origem 100% natural \u00e0s comunidades aut\u00f3ctones. N\u00e3o cont\u00eam qualquer tipo de pesticida, qu\u00edmico, herbicida ou qualquer outra subst\u00e2ncia artificial.<\/p>\n<p><strong>N\u00e3o te responsabilizes:<\/strong><\/p><\/blockquote>\n<ul>\n<li>\n<blockquote><p>Todos os produtos s\u00e3o legais no nosso pa\u00eds de origem, sendo da responsabilidade do cliente investigar a sua legalidade no pa\u00eds de destino.<\/p><\/blockquote>\n<\/li>\n<li>\n<blockquote><p>A utiliza\u00e7\u00e3o destes produtos naturais n\u00e3o substitui uma consulta m\u00e9dica.<\/p><\/blockquote>\n<\/li>\n<li>\n<blockquote><p>N\u00e3o implica de forma alguma alega\u00e7\u00f5es m\u00e9dicas sobre a capacidade ou efic\u00e1cia de qualquer um dos nossos produtos para tratar, prevenir ou mitigar qualquer doen\u00e7a ou enfermidade.<\/p><\/blockquote>\n<\/li>\n<li>\n<blockquote><p>A utiliza\u00e7\u00e3o e aplica\u00e7\u00e3o dos nossos produtos \u00e9 da exclusiva responsabilidade do cliente.<\/p><\/blockquote>\n<\/li>\n<li>\n<blockquote><p>Os efeitos deste produto s\u00e3o apoiados pela experi\u00eancia emp\u00edrica da medicina tradicional antiga com excelentes resultados.<\/p><\/blockquote>\n<\/li>\n<li>\n<blockquote><p>A aus\u00eancia de efeitos secund\u00e1rios nocivos se administrado na dose correta. Mas as informa\u00e7\u00f5es aqui identificadas n\u00e3o constituem, de forma alguma, uma ordena\u00e7\u00e3o ou prescri\u00e7\u00e3o.<\/p><\/blockquote>\n<\/li>\n<li>\n<blockquote><p>As declara\u00e7\u00f5es e as liga\u00e7\u00f5es a s\u00edtios Web aqui contidas n\u00e3o foram avaliadas pela FDA ou pelas autoridades internacionais em mat\u00e9ria de alimentos e medicamentos.<\/p><\/blockquote>\n<\/li>\n<\/ul>\n","protected":false},"excerpt":{"rendered":"<p>RAP\u00c9 DE CACAU: O Elixir Sagrado da Amaz\u00f3nia RAP\u00c9 DE CACAU: Uma porta de entrada para a sabedoria amaz\u00f3nica Bem-vindo ao mundo m\u00edstico do RAP\u00c9 DE CACAU, uma mistura sagrada criada pelas tribos ind\u00edgenas da floresta amaz\u00f3nica. Nesta viagem encantadora, vamos aprofundar as qualidades profundas do RAP\u00c9 DE CACAU, os seus usos multifacetados, os benef\u00edcios [&hellip;]<\/p>\n","protected":false},"featured_media":63443,"comment_status":"open","ping_status":"closed","template":"","meta":{"_joinchat":[]},"product_brand":[242],"product_cat":[6725,7384],"product_tag":[],"giftcard-category":[],"class_list":{"0":"post-56369","1":"product","2":"type-product","3":"status-publish","4":"has-post-thumbnail","6":"product_brand-ok-natura","7":"product_cat-novas-chegadas-dhl-ou-fedex","8":"product_cat-rape-pt-pt","9":"product_shipping_class-envio-geral","10":"pa_607093e2895771617990626-rape-snuff-nawa-5gr-100gr-rapes-brasileiro-100-made-natives-amazon-tribes-food-571-jpgoptimized921663c0c14b67aca6a7e264b57fca92id28886545531032pid5903926362264original_filenamer-pt-pt","11":"pa_badge-nao-ha-comentarios","12":"pa_description_tag-composicao-tabaco-cinza-de-menta-brasileira-utilizacoes-relaxa-e-liberta-te-da-ansiedade-usos-medicinais-muito-forte-e-intenso-ajuda-te-a-meditar","13":"pa_review_count-52-pt-pt","14":"pa_review_enabled-1-pt-pt","15":"pa_review_rating-5-pt-pt","16":"pa_talla-100gr-pt-pt","17":"pa_talla-10gr-pt-pt","18":"pa_talla-1kg-pt-pt","19":"pa_talla-20gr-pt-pt","20":"pa_talla-30gr-pt-pt","21":"pa_talla-4kg-pt-pt","22":"pa_talla-50gr-pt-pt","23":"pa_talla-5gr-pt-pt","24":"pa_title_tag-rape-snuff-cacao-para-venda-do-brasil-nativos","25":"pa_widget-jdgm-rev-widg-display-none-comentarios-de-clientes-se-o-primeiro-a-escrever-um-comentario-escrever-um-comentario-0-0-0-0-0-0-0-0-0-0-0-0","27":"first","28":"instock","29":"sale","30":"shipping-taxable","31":"purchasable","32":"product-type-variable"},"_links":{"self":[{"href":"https:\/\/oknatura.com\/pt-pt\/wp-json\/wp\/v2\/product\/56369","targetHints":{"allow":["GET"]}}],"collection":[{"href":"https:\/\/oknatura.com\/pt-pt\/wp-json\/wp\/v2\/product"}],"about":[{"href":"https:\/\/oknatura.com\/pt-pt\/wp-json\/wp\/v2\/types\/product"}],"replies":[{"embeddable":true,"href":"https:\/\/oknatura.com\/pt-pt\/wp-json\/wp\/v2\/comments?post=56369"}],"version-history":[{"count":3,"href":"https:\/\/oknatura.com\/pt-pt\/wp-json\/wp\/v2\/product\/56369\/revisions"}],"predecessor-version":[{"id":65173,"href":"https:\/\/oknatura.com\/pt-pt\/wp-json\/wp\/v2\/product\/56369\/revisions\/65173"}],"wp:featuredmedia":[{"embeddable":true,"href":"https:\/\/oknatura.com\/pt-pt\/wp-json\/wp\/v2\/media\/63443"}],"wp:attachment":[{"href":"https:\/\/oknatura.com\/pt-pt\/wp-json\/wp\/v2\/media?parent=56369"}],"wp:term":[{"taxonomy":"product_brand","embeddable":true,"href":"https:\/\/oknatura.com\/pt-pt\/wp-json\/wp\/v2\/product_brand?post=56369"},{"taxonomy":"product_cat","embeddable":true,"href":"https:\/\/oknatura.com\/pt-pt\/wp-json\/wp\/v2\/product_cat?post=56369"},{"taxonomy":"product_tag","embeddable":true,"href":"https:\/\/oknatura.com\/pt-pt\/wp-json\/wp\/v2\/product_tag?post=56369"},{"taxonomy":"giftcard-category","embeddable":true,"href":"https:\/\/oknatura.com\/pt-pt\/wp-json\/wp\/v2\/giftcard-category?post=56369"}],"curies":[{"name":"wp","href":"https:\/\/api.w.org\/{rel}","templated":true}]}}