{"id":56915,"date":"2023-08-14T10:32:23","date_gmt":"2023-08-14T10:32:23","guid":{"rendered":"https:\/\/oknatura.com\/products\/ayahuasca-mix-paste-10gr-a-1kg-banisteriopsis-caapi-psychotria-viridis-ayahuasca-vine-yage-100-puro\/"},"modified":"2025-10-24T08:51:01","modified_gmt":"2025-10-24T13:51:01","slug":"pasta-mistura-ayahuasca-banisteriopsis-caapi-psychotria-viridis","status":"publish","type":"product","link":"https:\/\/oknatura.com\/pt-pt\/produtos\/pasta-mistura-ayahuasca-banisteriopsis-caapi-psychotria-viridis\/","title":{"rendered":"AYAHUASCA MIX PASTE \/ 10gr a 1kg - [Banisteriopsis caapi + Psychotria viridis] \/ Ayahuasca Vine - Yage - 100% Puro"},"content":{"rendered":"<h1>Ayahuasca Mix Paste - O teu caminho para uma consci\u00eancia profunda<\/h1>\n<p>Bem-vindo ao reino da pasta de mistura de ayahuasca, uma mistura m\u00edstica que cativou os cora\u00e7\u00f5es e as mentes de buscadores e xam\u00e3s durante s\u00e9culos. Esta pasta excecional combina a poderosa sinergia de Banisteriopsis caapi e Psychotria viridis, abrindo caminho para uma viagem espiritual extraordin\u00e1ria.<\/p>\n<h2>Desvendar a pasta de mistura de ayahuasca<\/h2>\n<p><strong>Pasta de Mistura de Ayahuasca: Uma porta de entrada para a alma<\/strong> Imagina a pasta mista de ayahuasca como o teu passaporte m\u00edstico para a alma. Criada a partir da videira sagrada Banisteriopsis caapi e da venerada planta Psychotria viridis, foi concebida para despertar a tua consci\u00eancia, proporcionar-te percep\u00e7\u00f5es profundas e curar o esp\u00edrito.<\/p>\n<p><strong>Conhece as plantas aliadas<\/strong> A Banisteriopsis caapi, muitas vezes chamada de \u201cvideira da alma\u201d, oferece a base para a tua viagem. As suas qualidades inatas apoiam as propriedades vision\u00e1rias da Psychotria viridis, que cont\u00e9m a mol\u00e9cula sagrada DMT, muitas vezes referida como \u201ca mol\u00e9cula do esp\u00edrito\u201d. Juntos, formam uma mistura potente que promove a introspe\u00e7\u00e3o profunda e a cura.<\/p>\n<h2>Usos diversos da pasta de mistura de ayahuasca<\/h2>\n<p>Para al\u00e9m do seu uso prim\u00e1rio como sacramento nos rituais xam\u00e2nicos da Amaz\u00f3nia, a pasta de mistura de ayahuasca \u00e9 uma ferramenta vers\u00e1til para v\u00e1rias experi\u00eancias transformadoras:<\/p>\n<ul>\n<li><strong>Explora a tua alma:<\/strong> \u00c9 um m\u00e9todo profundo para te ligares ao teu eu interior, para esclareceres o teu prop\u00f3sito e para compreenderes o teu lugar no universo.<\/li>\n<li><strong>Sabedoria de cura:<\/strong> A ayahuasca tem uma capacidade inata de trazer \u00e0 tona emo\u00e7\u00f5es n\u00e3o resolvidas, tornando-a uma ferramenta eficaz para a cura psicol\u00f3gica e a transforma\u00e7\u00e3o pessoal.<\/li>\n<li><strong>Revela-te:<\/strong> Os pesquisadores recorrem frequentemente \u00e0 Ayahuasca para obterem revela\u00e7\u00f5es criativas e espirituais, abrindo portas para estados superiores de consci\u00eancia.<\/li>\n<li><strong>Sabedoria antiga:<\/strong> \u00c9 a chave para acederes \u00e0 sabedoria milenar das culturas amaz\u00f3nicas, onde as plantas medicinais s\u00e3o vistas como poderosas aliadas na busca da compreens\u00e3o e da harmonia.<\/li>\n<\/ul>\n<h2>Os pr\u00f3s e contras da pasta de mistura de ayahuasca<\/h2>\n<p><strong>Os Pr\u00f3s (Benef\u00edcios):<\/strong><\/p>\n<ul>\n<li><strong>Desperta espiritualmente:<\/strong> Ayahuasca Mix Paste proporciona uma extraordin\u00e1ria porta de entrada para experi\u00eancias espirituais profundas, dando-te a oportunidade de explorar o teu mundo interior e compreender a interconex\u00e3o de toda a vida.<\/li>\n<li><strong>Cura profunda:<\/strong> Pode desenterrar traumas profundamente enterrados, facilitando a cura emocional e psicol\u00f3gica.<\/li>\n<li><strong>Import\u00e2ncia cultural:<\/strong> Esta bebida sagrada tem sido usada por tribos amaz\u00f3nicas h\u00e1 v\u00e1rias gera\u00e7\u00f5es como meio de comunicar com o mundo espiritual e procurar orienta\u00e7\u00e3o dos esp\u00edritos das plantas.<\/li>\n<\/ul>\n<p><strong>Os contras (Precau\u00e7\u00f5es e seguran\u00e7a):<\/strong><\/p>\n<ul>\n<li><strong>Contexto cerimonial:<\/strong> A ayahuasca n\u00e3o \u00e9 para ser tomada de \u00e2nimo leve. Deve ser consumida num contexto cerimonial, guiada por um xam\u00e3 ou facilitador experiente.<\/li>\n<li><strong>Experi\u00eancia intensa:<\/strong> A ayahuasca pode levar-te a experi\u00eancias poderosas e por vezes desafiantes. \u00c9 importante estares mental e emocionalmente preparado.<\/li>\n<li><strong>A seguran\u00e7a em primeiro lugar:<\/strong> As diretrizes de seguran\u00e7a devem ser seguidas com dilig\u00eancia para garantir uma viagem significativa e segura.<\/li>\n<\/ul>\n<h2>Abra\u00e7a a experi\u00eancia da Ayahuasca<\/h2>\n<p>A tua experi\u00eancia com a Ayahuasca \u00e9 uma viagem do esp\u00edrito. V\u00ea aqui como te preparas para esta aventura profunda:<\/p>\n<ol>\n<li><strong>Ambiente cerimonial:<\/strong> Aborda sempre a Ayahuasca num contexto cerimonial, guiado por um xam\u00e3 ou facilitador experiente.<\/li>\n<li><strong>Prepara\u00e7\u00e3o:<\/strong> Abst\u00e9m-te de certos alimentos e subst\u00e2ncias nos dias que antecedem a cerim\u00f3nia. Esta \u00e9 uma parte essencial do processo, pois ajuda a garantir que a experi\u00eancia com a Ayahuasca se desenrola sem problemas.<\/li>\n<li><strong>Orienta\u00e7\u00e3o sobre a dosagem:<\/strong> Confia no teu guia para determinar a dosagem adequada, adaptada \u00e0s tuas necessidades espec\u00edficas.<\/li>\n<\/ol>\n<p><strong>Sabias que?<\/strong> A ayahuasca \u00e9 muitas vezes referida como \u201cLa Purga\u201d devido aos seus efeitos purgativos. A purga, sob a forma de v\u00f3mitos ou diarreia, \u00e9 vista como um meio de limpar o corpo e o esp\u00edrito.<\/p>\n<h2>Outros nomes para Ayahuasca Mix Paste<\/h2>\n<p>A pasta de mistura de ayahuasca \u00e9 conhecida por v\u00e1rios nomes nas culturas ind\u00edgenas da Amaz\u00f3nia, tais como \u201cYage\u201d, \u201cDaime\u201d e \u201cVinha da Alma\u201d. Estes nomes reflectem o profundo significado cultural e espiritual desta bebida sagrada.<\/p>\n<h2>A tua viagem espiritual come\u00e7a<\/h2>\n<p>Em conclus\u00e3o, a pasta de mistura de ayahuasca \u00e9 a tua porta de entrada para experi\u00eancias espirituais profundas, cura pessoal e revela\u00e7\u00f5es transformadoras. \u00c9 uma ponte sagrada para a sabedoria das culturas amaz\u00f3nicas e para as profundezas da tua pr\u00f3pria consci\u00eancia. Se est\u00e1s preparado para embarcar nesta viagem extraordin\u00e1ria e experimentar a vastid\u00e3o da exist\u00eancia humana, a pasta mista de ayahuasca \u00e9 o teu guia.<\/p>\n<blockquote><p><strong>Nota:<\/strong><\/p>\n<p>Os produtos OK Natural s\u00e3o obtidos e vendidos no seu estado puro e de origem 100% natural \u00e0s comunidades aut\u00f3ctones. N\u00e3o cont\u00eam qualquer tipo de pesticida, qu\u00edmico, herbicida ou qualquer outra subst\u00e2ncia artificial.<\/p>\n<p><strong>N\u00e3o te responsabilizes:<\/strong><\/p><\/blockquote>\n<ul>\n<li>\n<blockquote><p>Todos os produtos s\u00e3o legais no nosso pa\u00eds de origem, sendo da responsabilidade do cliente investigar a sua legalidade no pa\u00eds de destino.<\/p><\/blockquote>\n<\/li>\n<li>\n<blockquote><p>A utiliza\u00e7\u00e3o destes produtos naturais n\u00e3o substitui uma consulta m\u00e9dica.<\/p><\/blockquote>\n<\/li>\n<li>\n<blockquote><p>N\u00e3o implica de forma alguma alega\u00e7\u00f5es m\u00e9dicas sobre a capacidade ou efic\u00e1cia de qualquer um dos nossos produtos para tratar, prevenir ou mitigar qualquer doen\u00e7a ou enfermidade.<\/p><\/blockquote>\n<\/li>\n<li>\n<blockquote><p>A utiliza\u00e7\u00e3o e aplica\u00e7\u00e3o dos nossos produtos \u00e9 da exclusiva responsabilidade do cliente.<\/p><\/blockquote>\n<\/li>\n<li>\n<blockquote><p>Os efeitos deste produto s\u00e3o apoiados pela experi\u00eancia emp\u00edrica da medicina tradicional antiga com excelentes resultados.<\/p><\/blockquote>\n<\/li>\n<li>\n<blockquote><p>A aus\u00eancia de efeitos secund\u00e1rios nocivos se administrado na dose correta. Mas as informa\u00e7\u00f5es aqui identificadas n\u00e3o constituem, de forma alguma, uma ordena\u00e7\u00e3o ou prescri\u00e7\u00e3o.<\/p><\/blockquote>\n<\/li>\n<li>\n<blockquote><p>As declara\u00e7\u00f5es e as liga\u00e7\u00f5es a s\u00edtios Web aqui contidas n\u00e3o foram avaliadas pela FDA ou pelas autoridades internacionais em mat\u00e9ria de alimentos e medicamentos.<\/p><\/blockquote>\n<\/li>\n<\/ul>\n","protected":false},"excerpt":{"rendered":"<p>Ayahuasca Mix Paste - O teu caminho para uma consci\u00eancia profunda Bem-vindo ao reino da pasta de mistura de ayahuasca, uma mistura m\u00edstica que cativou os cora\u00e7\u00f5es e as mentes de buscadores e xam\u00e3s durante s\u00e9culos. Esta pasta excecional combina a poderosa sinergia de Banisteriopsis caapi e Psychotria viridis, abrindo caminho para uma viagem espiritual [&hellip;]<\/p>\n","protected":false},"featured_media":63195,"comment_status":"open","ping_status":"closed","template":"","meta":{"_joinchat":[]},"product_brand":[242],"product_cat":[6954,7061,6711],"product_tag":[6603],"giftcard-category":[],"class_list":{"0":"post-56915","1":"product","2":"type-product","3":"status-publish","4":"has-post-thumbnail","6":"product_brand-ok-natura","7":"product_cat-ayahuasca-pt-pt","8":"product_cat-pasta-de-extractos","9":"product_cat-vendas-correio-nacional","10":"product_tag-ayahuasca-pt-pt","11":"product_shipping_class-extrato-de-pasta","12":"pa_5f967774d525a1603696500-ayahuasca-mix-paste-10gr-500gr-banisteriopsis-caapi-vine-yage-100-pure-extract-extracto-307-pngoptimizednullid21779555942552pid5940237074584original_filenameextracto_09176d5d-606f-pt-pt","13":"pa_60090d0fb091a1611205903-ayahuasca-mix-paste-10gr-1kg-banisteriopsis-caapi-vine-yage-100-pure-extracto-473-jpgoptimized921663c0c14b67aca6a7e264b57fca92id25717360361624pid5940237074584original_filenameay-pt-pt","14":"pa_badge-1-avaliacao","15":"pa_description_tag-procuras-banisteriopsis-caapi-psychotria-viridis-para-uma-cerimonia-encontra-o-na-ok-natura-ao-melhor-preco-vive-uma-experiencia-unica-extrato-100-puro","16":"pa_rating-scale_min1-0scale_max5-0value5-0-pt-pt","17":"pa_rating_count-1-pt-pt","18":"pa_review_count-41-pt-pt","19":"pa_review_enabled-1-pt-pt","20":"pa_review_rating-4-9-pt-pt","21":"pa_talla-10-kg-pt-pt","22":"pa_talla-10gr-pt-pt","23":"pa_talla-120gr-pt-pt","24":"pa_talla-1kg-pt-pt","25":"pa_talla-240gr-pt-pt","26":"pa_talla-30gr-pt-pt","27":"pa_talla-360gr-pt-pt","28":"pa_talla-480gr-pt-pt","29":"pa_talla-4kg-pt-pt","30":"pa_talla-60gr-pt-pt","31":"pa_title_tag-ayahuasca--mix-paste-ayahuasca-chacruna-yage-pt-pt","32":"pa_widget-jdgm-rev-widg-display-none-comentarios-de-clientes-com-base-em-1-comentario-escreve-um-comentario-100-1-0-0-0-0-0-0-0-0-0-0-b","34":"first","35":"instock","36":"sale","37":"shipping-taxable","38":"purchasable","39":"product-type-variable"},"_links":{"self":[{"href":"https:\/\/oknatura.com\/pt-pt\/wp-json\/wp\/v2\/product\/56915","targetHints":{"allow":["GET"]}}],"collection":[{"href":"https:\/\/oknatura.com\/pt-pt\/wp-json\/wp\/v2\/product"}],"about":[{"href":"https:\/\/oknatura.com\/pt-pt\/wp-json\/wp\/v2\/types\/product"}],"replies":[{"embeddable":true,"href":"https:\/\/oknatura.com\/pt-pt\/wp-json\/wp\/v2\/comments?post=56915"}],"version-history":[{"count":2,"href":"https:\/\/oknatura.com\/pt-pt\/wp-json\/wp\/v2\/product\/56915\/revisions"}],"predecessor-version":[{"id":65052,"href":"https:\/\/oknatura.com\/pt-pt\/wp-json\/wp\/v2\/product\/56915\/revisions\/65052"}],"wp:featuredmedia":[{"embeddable":true,"href":"https:\/\/oknatura.com\/pt-pt\/wp-json\/wp\/v2\/media\/63195"}],"wp:attachment":[{"href":"https:\/\/oknatura.com\/pt-pt\/wp-json\/wp\/v2\/media?parent=56915"}],"wp:term":[{"taxonomy":"product_brand","embeddable":true,"href":"https:\/\/oknatura.com\/pt-pt\/wp-json\/wp\/v2\/product_brand?post=56915"},{"taxonomy":"product_cat","embeddable":true,"href":"https:\/\/oknatura.com\/pt-pt\/wp-json\/wp\/v2\/product_cat?post=56915"},{"taxonomy":"product_tag","embeddable":true,"href":"https:\/\/oknatura.com\/pt-pt\/wp-json\/wp\/v2\/product_tag?post=56915"},{"taxonomy":"giftcard-category","embeddable":true,"href":"https:\/\/oknatura.com\/pt-pt\/wp-json\/wp\/v2\/giftcard-category?post=56915"}],"curies":[{"name":"wp","href":"https:\/\/api.w.org\/{rel}","templated":true}]}}